{"id":16105,"date":"2014-05-20T07:51:11","date_gmt":"2014-05-20T07:51:11","guid":{"rendered":"https:\/\/www.solomostradores.com\/home\/"},"modified":"2019-04-02T15:31:17","modified_gmt":"2019-04-02T15:31:17","slug":"home","status":"publish","type":"page","link":"https:\/\/www.solomostradores.com\/fr\/","title":{"rendered":"Home"},"content":{"rendered":"<p>[vc_row css_animation=\u00a0\u00bb\u00a0\u00bb row_type=\u00a0\u00bbrow\u00a0\u00bb use_row_as_full_screen_section=\u00a0\u00bbno\u00a0\u00bb type=\u00a0\u00bbgrid\u00a0\u00bb angled_section=\u00a0\u00bbno\u00a0\u00bb text_align=\u00a0\u00bbleft\u00a0\u00bb background_image_as_pattern=\u00a0\u00bbwithout_pattern\u00a0\u00bb z_index=\u00a0\u00bb\u00a0\u00bb][vc_column][layerslider_vc id=\u00a0\u00bb4&Prime;][\/vc_column][\/vc_row][vc_row css_animation=\u00a0\u00bb\u00a0\u00bb row_type=\u00a0\u00bbrow\u00a0\u00bb use_row_as_full_screen_section=\u00a0\u00bbno\u00a0\u00bb type=\u00a0\u00bbgrid\u00a0\u00bb angled_section=\u00a0\u00bbno\u00a0\u00bb text_align=\u00a0\u00bbleft\u00a0\u00bb background_image_as_pattern=\u00a0\u00bbwithout_pattern\u00a0\u00bb background_color=\u00a0\u00bb#ffffff\u00a0\u00bb padding_top=\u00a0\u00bb66&Prime; padding_bottom=\u00a0\u00bb10&Prime;][vc_column][vc_column_text]<\/p>\n<h1 style=\"text-align: center;\"><a href=\"https:\/\/www.inretailshop.com\/fr\/\" target=\"_blank\" rel=\"noopener\">BOUTIQUE EN LIGNE DE COMPTOIRS<\/a><\/h1>\n<p>[\/vc_column_text][vc_separator type=\u00a0\u00bbsmall\u00a0\u00bb position=\u00a0\u00bbcenter\u00a0\u00bb color=\u00a0\u00bb#000000&Prime; thickness=\u00a0\u00bb1&Prime; width=\u00a0\u00bb500&Prime; up=\u00a0\u00bb10&Prime; down=\u00a0\u00bb20&Prime;][vc_column_text]<\/p>\n<p style=\"text-align: center;\">Parce que le design int\u00e9rieur d\u2019une boutique est le reflet<\/p>\n<p style=\"text-align: center;\">de l\u2019image de marque, laissez nous y prendre part.<\/p>\n<p>[\/vc_column_text][vc_separator type=\u00a0\u00bbtransparent\u00a0\u00bb up=\u00a0\u00bb25&Prime; down=\u00a0\u00bb25&Prime;][vc_row_inner row_type=\u00a0\u00bbrow\u00a0\u00bb type=\u00a0\u00bbfull_width\u00a0\u00bb text_align=\u00a0\u00bbcenter\u00a0\u00bb css_animation=\u00a0\u00bb\u00a0\u00bb][vc_column_inner width=\u00a0\u00bb1\/3&Prime;][vc_column_text]<a href=\"https:\/\/www.solomostradores.com\/fr\/comptoirs-pour-pharmacies\/\"><img loading=\"lazy\" decoding=\"async\" class=\"alignnone\" title=\"comptoirs pour pharmacies\" src=\"https:\/\/www.solomostradores.com\/wp-content\/uploads\/2019\/03\/mostradores-para-farmacias-online.jpg\" alt=\"comptoirs pour pharmacies\" width=\"350\" height=\"220\" \/><\/a><\/p>\n<h2><a href=\"https:\/\/www.solomostradores.com\/fr\/comptoirs-pour-pharmacies\/\">COMPTOIRS POUR PHARMACIES<\/a><\/h2>\n<p>&nbsp;<\/p>\n<p>D\u00e9couvrez notre gamme de comptoirs pour pharmacies qui s\u2019adaptera au mieux \u00e0 votre projet.[\/vc_column_text][vc_empty_space height=\u00a0\u00bb20px\u00a0\u00bb][\/vc_column_inner][vc_column_inner width=\u00a0\u00bb1\/3&Prime;][vc_column_text]<a href=\"https:\/\/www.solomostradores.com\/fr\/comptoirs-pour-opticiens\/\"><img loading=\"lazy\" decoding=\"async\" class=\"alignnone\" title=\"Comptoirs pour opticiens online\" src=\"https:\/\/www.solomostradores.com\/wp-content\/uploads\/2019\/03\/mostradores-para-opticas-online.jpg\" alt=\"Comptoirs pour opticiens online\" width=\"350\" height=\"220\" \/><\/a><\/p>\n<h2><a href=\"https:\/\/www.solomostradores.com\/fr\/comptoirs-pour-opticiens\/\">COMPTOIRS POUR MAGASINS D&rsquo;OPTIQUE<\/a><\/h2>\n<p>&nbsp;<\/p>\n<p>Choisissez le comptoir le plus original pour votre boutique d\u2019optiques.[\/vc_column_text][vc_empty_space height=\u00a0\u00bb20px\u00a0\u00bb][\/vc_column_inner][vc_column_inner width=\u00a0\u00bb1\/3&Prime;][vc_column_text]<a href=\"https:\/\/www.solomostradores.com\/fr\/comptoirs-de-pret-a-porter\/\"><img loading=\"lazy\" decoding=\"async\" class=\"alignnone\" title=\"Comptoirs de pr\u00eat \u00e0 porter online\" src=\"https:\/\/www.solomostradores.com\/wp-content\/uploads\/2019\/03\/mostradores-para-tiendas-de-ropa-online.jpg\" alt=\"Comptoirs de pr\u00eat \u00e0 porter online\" width=\"350\" height=\"220\" \/><\/a><\/p>\n<h2><a href=\"https:\/\/www.solomostradores.com\/fr\/comptoirs-de-pret-a-porter\/\">COMPTOIRS DE PR\u00caT-\u00c0-PORTER<br \/>\n<\/a><\/h2>\n<p>&nbsp;<\/p>\n<p>Exp\u00e9rimentez l\u2019achat parfait avec notre gamme de comptoirs pour boutiques de pr\u00eat-\u00e0-porter.[\/vc_column_text][vc_empty_space height=\u00a0\u00bb20px\u00a0\u00bb][\/vc_column_inner][\/vc_row_inner][vc_separator type=\u00a0\u00bbtransparent\u00a0\u00bb up=\u00a0\u00bb15&Prime; down=\u00a0\u00bb15&Prime;][vc_row_inner row_type=\u00a0\u00bbrow\u00a0\u00bb type=\u00a0\u00bbfull_width\u00a0\u00bb text_align=\u00a0\u00bbcenter\u00a0\u00bb css_animation=\u00a0\u00bb\u00a0\u00bb][vc_column_inner width=\u00a0\u00bb1\/3&Prime;][vc_column_text]<a href=\"https:\/\/www.solomostradores.com\/fr\/comptoirs-de-bijouterie\/\"><img loading=\"lazy\" decoding=\"async\" class=\"alignnone\" title=\"Comptoirs de bijouterie online\" src=\"https:\/\/www.solomostradores.com\/wp-content\/uploads\/2019\/03\/mostradores-para-joyeria-online.jpg\" alt=\"Comptoirs de bijouterie online\" width=\"350\" height=\"220\" \/><\/a><\/p>\n<h2><a href=\"https:\/\/www.solomostradores.com\/fr\/comptoirs-de-bijouterie\/\">COMPTOIRS POUR TOUT TYPE DE BIJOUTERIES<br \/>\n<\/a><\/h2>\n<p>&nbsp;<\/p>\n<p>Obtenez l\u2019\u00e9l\u00e9gance et r\u00e9sistance n\u00e9cessaires avec nos comptoirs pour bijouteries.[\/vc_column_text][vc_empty_space height=\u00a0\u00bb20px\u00a0\u00bb][\/vc_column_inner][vc_column_inner width=\u00a0\u00bb1\/3&Prime;][vc_column_text]<a href=\"https:\/\/www.solomostradores.com\/fr\/comptoirs-pour-les-centres-de-beaute-de-coiffure-et-de-cosmetique\/\"><img loading=\"lazy\" decoding=\"async\" class=\"alignnone\" title=\"comptoirs pour les centres de beaut\u00e9,de coiffure et de cosm\u00e9tique\" src=\"https:\/\/www.solomostradores.com\/wp-content\/uploads\/2019\/03\/mostradores-para-centros-de-belleza-peluqueria-cosmetica.jpg\" alt=\"\" width=\"350\" height=\"220\" \/><\/a><\/p>\n<h2><a href=\"https:\/\/www.solomostradores.com\/fr\/comptoirs-pour-les-centres-de-beaute-de-coiffure-et-de-cosmetique\/\">COMPTOIRS D&rsquo;INSTITUT DE BEAUT\u00c9<\/a><\/h2>\n<p>&nbsp;<\/p>\n<p>Diff\u00e9rent et attrayant. Il en va de m\u00eame pour nos comptoirs pour les centres de beaut\u00e9, les coiffeurs et les magasins de cosm\u00e9tiques.[\/vc_column_text][vc_empty_space height=\u00a0\u00bb20px\u00a0\u00bb][\/vc_column_inner][vc_column_inner width=\u00a0\u00bb1\/3&Prime;][vc_column_text]<a href=\"https:\/\/www.solomostradores.com\/fr\/comptoirs-de-receptions-de-hotel\/\"><img loading=\"lazy\" decoding=\"async\" class=\"alignnone\" title=\"Comptoirs de r\u00e9ception online\" src=\"https:\/\/www.solomostradores.com\/wp-content\/uploads\/2019\/03\/mostradoores-para-recepciones-de-hotel-online.jpg\" alt=\"Comptoirs de r\u00e9ception online\" width=\"350\" height=\"220\" \/><\/a><\/p>\n<h2><a href=\"https:\/\/www.solomostradores.com\/fr\/comptoirs-de-receptions-de-hotel\/\">COMPTOIRS POUR R\u00c9CEPTIONS D&rsquo;H\u00d4TELS<br \/>\n<\/a><\/h2>\n<p>&nbsp;<\/p>\n<p>Cr\u00e9ez une atmosph\u00e8re agr\u00e9able avec nos comptoirs de r\u00e9ception d&rsquo;h\u00f4tel[\/vc_column_text][vc_empty_space height=\u00a0\u00bb20px\u00a0\u00bb][\/vc_column_inner][\/vc_row_inner][vc_separator type=\u00a0\u00bbtransparent\u00a0\u00bb up=\u00a0\u00bb28&Prime; down=\u00a0\u00bb35&Prime;][\/vc_column][\/vc_row][vc_row row_type=\u00a0\u00bbparallax\u00a0\u00bb parallax_content_width=\u00a0\u00bbin_grid\u00a0\u00bb text_align=\u00a0\u00bbcenter\u00a0\u00bb background_image=\u00a0\u00bb16472&Prime; full_screen_section_height=\u00a0\u00bbno\u00a0\u00bb section_height=\u00a0\u00bb275&Prime;][vc_column][vc_row_inner row_type=\u00a0\u00bbrow\u00a0\u00bb type=\u00a0\u00bbgrid\u00a0\u00bb text_align=\u00a0\u00bbcenter\u00a0\u00bb css_animation=\u00a0\u00bb\u00a0\u00bb][vc_column_inner][vc_separator type=\u00a0\u00bbtransparent\u00a0\u00bb up=\u00a0\u00bb90&Prime; down=\u00a0\u00bb0&Prime;][vc_column_text]<\/p>\n<h3 style=\"text-align: center;\"><span style=\"color: #ffffff;\">COMPTOIRS ADAPT\u00c9S \u00c0 VOTRE PROJET D\u2019AGENCEMENT<br \/>\n<\/span><\/h3>\n<p>[\/vc_column_text][vc_column_text]<span style=\"color: #ffffff;\">D\u00e9couvrez le plus grand site web sp\u00e9cialis\u00e9 en comptoirs combinables et adaptables a tous les <\/span><\/p>\n<p><span style=\"color: #ffffff;\">commerces. Quel est votre projet?<\/span>[\/vc_column_text][vc_empty_space height=\u00a0\u00bb16px\u00a0\u00bb]<a  itemprop=\"url\" href=\"https:\/\/www.inretailshop.com\/fr\/mostradores\/1-e-shop\" target=\"_self\" data-hover-background-color=#000000 data-hover-border-color=#000000 data-hover-color=#ffffff class=\"qbutton  default\" style=\"color: #000000; border-color: #ffffff; background-color: #ffffff;\">ACHETER EN LIGNE<\/a>[\/vc_column_inner][\/vc_row_inner][\/vc_column][\/vc_row][vc_row css_animation=\u00a0\u00bb\u00a0\u00bb row_type=\u00a0\u00bbrow\u00a0\u00bb use_row_as_full_screen_section=\u00a0\u00bbno\u00a0\u00bb type=\u00a0\u00bbgrid\u00a0\u00bb angled_section=\u00a0\u00bbno\u00a0\u00bb text_align=\u00a0\u00bbleft\u00a0\u00bb background_image_as_pattern=\u00a0\u00bbwithout_pattern\u00a0\u00bb padding_top=\u00a0\u00bb50&Prime; padding_bottom=\u00a0\u00bb15&Prime; z_index=\u00a0\u00bb\u00a0\u00bb][vc_column][vc_column_text]<\/p>\n<h3 style=\"text-align: center;\">NOTRE ACTUALIT\u00c9 ET NOS DERNI\u00c8RES NOUVEAUT\u00c9S<\/h3>\n<p>[\/vc_column_text][vc_separator type=\u00a0\u00bbsmall\u00a0\u00bb position=\u00a0\u00bbcenter\u00a0\u00bb color=\u00a0\u00bb#000000&Prime; thickness=\u00a0\u00bb1&Prime; width=\u00a0\u00bb350&Prime;]\n<div class='latest_post_holder boxes three_columns one_row' >\n    <ul>\n    \n        <li class=\"clearfix\">\n            <div class=\"boxes_image\">\n                <a itemprop=\"url\" href=\"https:\/\/www.solomostradores.com\/fr\/descubre-nuestros-mostradores-en-stock-para-una-renovacion-expres-de-tu-tienda\/\"><img loading=\"lazy\" decoding=\"async\" width=\"539\" height=\"303\" src=\"https:\/\/www.solomostradores.com\/wp-content\/uploads\/2024\/04\/DESTACADA-539x303.jpg\" class=\"attachment-latest_post_boxes size-latest_post_boxes wp-post-image\" alt=\"in-stock counters Inretail\" \/><\/a>\n            <\/div>\n            <div class=\"latest_post\"   style=' padding-left:0; padding-right:0; '>\n                <div class=\"latest_post_text\">\n                    <div class=\"latest_post_inner\">\n                        <div class=\"latest_post_text_inner\">\n                            <h5 itemprop=\"name\" class=\"latest_post_title entry_title\"><a itemprop=\"url\" href=\"https:\/\/www.solomostradores.com\/fr\/descubre-nuestros-mostradores-en-stock-para-una-renovacion-expres-de-tu-tienda\/\">D\u00e9couvrez nos comptoirs en stock pour une r\u00e9novation express de votre magasin<\/a><\/h5>\n                            <p itemprop=\"description\" class=\"excerpt\">Vous cherchez un moyen rapide et efficace de donner un nouveau look \u00e0 votre espace commercial ? Notre s\u00e9lection de comptoirs en stock, livrables sous 2 \u00e0 7 jours, est la solut...<\/p>\n                            <span class=\"post_infos\">\n                                                                                                \n                                \n                                                            <\/span>\n                        <\/div>\n                    <\/div>\n                <\/div>\n            <\/div>\n        <\/li>\n    \n        <li class=\"clearfix\">\n            <div class=\"boxes_image\">\n                <a itemprop=\"url\" href=\"https:\/\/www.solomostradores.com\/fr\/4-estrategias-para-el-diseno-de-tiendas-con-mobiliario-comercial\/\"><img loading=\"lazy\" decoding=\"async\" width=\"539\" height=\"303\" src=\"https:\/\/www.solomostradores.com\/wp-content\/uploads\/2024\/01\/09-539x303.jpg\" class=\"attachment-latest_post_boxes size-latest_post_boxes wp-post-image\" alt=\"\" \/><\/a>\n            <\/div>\n            <div class=\"latest_post\"   style=' padding-left:0; padding-right:0; '>\n                <div class=\"latest_post_text\">\n                    <div class=\"latest_post_inner\">\n                        <div class=\"latest_post_text_inner\">\n                            <h5 itemprop=\"name\" class=\"latest_post_title entry_title\"><a itemprop=\"url\" href=\"https:\/\/www.solomostradores.com\/fr\/4-estrategias-para-el-diseno-de-tiendas-con-mobiliario-comercial\/\">4 strat\u00e9gies pour l&rsquo;am\u00e9nagement de magasins avec mobilier d&rsquo;agencement<\/a><\/h5>\n                            <p itemprop=\"description\" class=\"excerpt\">D\u00e9couvrez les innovations en mati\u00e8re d'esth\u00e9tique des magasins et l'int\u00e9gration efficace des produits dans le mobilier de vente....<\/p>\n                            <span class=\"post_infos\">\n                                                                                                \n                                \n                                                            <\/span>\n                        <\/div>\n                    <\/div>\n                <\/div>\n            <\/div>\n        <\/li>\n    \n        <li class=\"clearfix\">\n            <div class=\"boxes_image\">\n                <a itemprop=\"url\" href=\"https:\/\/www.solomostradores.com\/fr\/marchandisage-visuel-4-cles-pour-une-presentation-efficace-des-produits\/\"><img loading=\"lazy\" decoding=\"async\" width=\"539\" height=\"303\" src=\"https:\/\/www.solomostradores.com\/wp-content\/uploads\/2023\/12\/2-539x303.jpg\" class=\"attachment-latest_post_boxes size-latest_post_boxes wp-post-image\" alt=\"visual merchandising inretail\" \/><\/a>\n            <\/div>\n            <div class=\"latest_post\"   style=' padding-left:0; padding-right:0; '>\n                <div class=\"latest_post_text\">\n                    <div class=\"latest_post_inner\">\n                        <div class=\"latest_post_text_inner\">\n                            <h5 itemprop=\"name\" class=\"latest_post_title entry_title\"><a itemprop=\"url\" href=\"https:\/\/www.solomostradores.com\/fr\/marchandisage-visuel-4-cles-pour-une-presentation-efficace-des-produits\/\">Marchandisage visuel : 4 cl\u00e9s pour une pr\u00e9sentation efficace des produits<\/a><\/h5>\n                            <p itemprop=\"description\" class=\"excerpt\">Chez Inretail, nous vous proposons 4 conseils de merchandising visuel sur le mobilier commercial pour mettre en valeur vos produits, attirer l'attention de vos clients et augm...<\/p>\n                            <span class=\"post_infos\">\n                                                                                                \n                                \n                                                            <\/span>\n                        <\/div>\n                    <\/div>\n                <\/div>\n            <\/div>\n        <\/li>\n        <\/ul>\n<\/div>[\/vc_column][\/vc_row][vc_row css_animation=\u00a0\u00bb\u00a0\u00bb row_type=\u00a0\u00bbrow\u00a0\u00bb use_row_as_full_screen_section=\u00a0\u00bbno\u00a0\u00bb type=\u00a0\u00bbfull_width\u00a0\u00bb angled_section=\u00a0\u00bbno\u00a0\u00bb text_align=\u00a0\u00bbleft\u00a0\u00bb background_image_as_pattern=\u00a0\u00bbwithout_pattern\u00a0\u00bb][vc_column][vc_separator type=\u00a0\u00bbtransparent\u00a0\u00bb up=\u00a0\u00bb26&Prime; down=\u00a0\u00bb0&Prime;][\/vc_column][\/vc_row]<\/p>\n","protected":false},"excerpt":{"rendered":"<p>[vc_row css_animation=\u00a0\u00bb\u00a0\u00bb row_type=\u00a0\u00bbrow\u00a0\u00bb use_row_as_full_screen_section=\u00a0\u00bbno\u00a0\u00bb type=\u00a0\u00bbgrid\u00a0\u00bb angled_section=\u00a0\u00bbno\u00a0\u00bb text_align=\u00a0\u00bbleft\u00a0\u00bb background_image_as_pattern=\u00a0\u00bbwithout_pattern\u00a0\u00bb z_index=\u00a0\u00bb\u00a0\u00bb][vc_column][layerslider_vc id=\u00a0\u00bb4&Prime;][\/vc_column][\/vc_row][vc_row css_animation=\u00a0\u00bb\u00a0\u00bb row_type=\u00a0\u00bbrow\u00a0\u00bb use_row_as_full_screen_section=\u00a0\u00bbno\u00a0\u00bb type=\u00a0\u00bbgrid\u00a0\u00bb angled_section=\u00a0\u00bbno\u00a0\u00bb text_align=\u00a0\u00bbleft\u00a0\u00bb background_image_as_pattern=\u00a0\u00bbwithout_pattern\u00a0\u00bb background_color=\u00a0\u00bb#ffffff\u00a0\u00bb padding_top=\u00a0\u00bb66&Prime; padding_bottom=\u00a0\u00bb10&Prime;][vc_column][vc_column_text] BOUTIQUE EN LIGNE DE COMPTOIRS [\/vc_column_text][vc_separator type=\u00a0\u00bbsmall\u00a0\u00bb position=\u00a0\u00bbcenter\u00a0\u00bb color=\u00a0\u00bb#000000&Prime; thickness=\u00a0\u00bb1&Prime; width=\u00a0\u00bb500&Prime; up=\u00a0\u00bb10&Prime; down=\u00a0\u00bb20&Prime;][vc_column_text] Parce que le design int\u00e9rieur d\u2019une boutique est le reflet de l\u2019image&#8230;<\/p>\n","protected":false},"author":1,"featured_media":0,"parent":0,"menu_order":0,"comment_status":"open","ping_status":"open","template":"full_width.php","meta":{"footnotes":""},"aioseo_notices":[],"_links":{"self":[{"href":"https:\/\/www.solomostradores.com\/fr\/wp-json\/wp\/v2\/pages\/16105"}],"collection":[{"href":"https:\/\/www.solomostradores.com\/fr\/wp-json\/wp\/v2\/pages"}],"about":[{"href":"https:\/\/www.solomostradores.com\/fr\/wp-json\/wp\/v2\/types\/page"}],"author":[{"embeddable":true,"href":"https:\/\/www.solomostradores.com\/fr\/wp-json\/wp\/v2\/users\/1"}],"replies":[{"embeddable":true,"href":"https:\/\/www.solomostradores.com\/fr\/wp-json\/wp\/v2\/comments?post=16105"}],"version-history":[{"count":16,"href":"https:\/\/www.solomostradores.com\/fr\/wp-json\/wp\/v2\/pages\/16105\/revisions"}],"predecessor-version":[{"id":16568,"href":"https:\/\/www.solomostradores.com\/fr\/wp-json\/wp\/v2\/pages\/16105\/revisions\/16568"}],"wp:attachment":[{"href":"https:\/\/www.solomostradores.com\/fr\/wp-json\/wp\/v2\/media?parent=16105"}],"curies":[{"name":"wp","href":"https:\/\/api.w.org\/{rel}","templated":true}]}}