{"id":16110,"date":"2018-05-17T07:50:00","date_gmt":"2018-05-17T07:50:00","guid":{"rendered":"https:\/\/www.solomostradores.com\/?page_id=16110"},"modified":"2019-03-27T11:08:23","modified_gmt":"2019-03-27T11:08:23","slug":"comptoirs-pour-pharmacies","status":"publish","type":"page","link":"https:\/\/www.solomostradores.com\/fr\/comptoirs-pour-pharmacies\/","title":{"rendered":"Comptoirs pour pharmacies"},"content":{"rendered":"<p>[vc_row css_animation=\u00a0\u00bb\u00a0\u00bb row_type=\u00a0\u00bbrow\u00a0\u00bb use_row_as_full_screen_section=\u00a0\u00bbno\u00a0\u00bb type=\u00a0\u00bbfull_width\u00a0\u00bb angled_section=\u00a0\u00bbno\u00a0\u00bb text_align=\u00a0\u00bbleft\u00a0\u00bb background_image_as_pattern=\u00a0\u00bbwithout_pattern\u00a0\u00bb][vc_column][vc_column_text]<img loading=\"lazy\" decoding=\"async\" class=\"alignnone size-full wp-image-16413\" title=\"comptoirs pour pharmacies\" src=\"https:\/\/www.solomostradores.com\/wp-content\/uploads\/2019\/03\/mostradores-para-farmacias.jpg\" alt=\"comptoirs pour pharmacies\" width=\"1150\" height=\"862\" srcset=\"https:\/\/www.solomostradores.com\/wp-content\/uploads\/2019\/03\/mostradores-para-farmacias.jpg 1150w, https:\/\/www.solomostradores.com\/wp-content\/uploads\/2019\/03\/mostradores-para-farmacias-300x225.jpg 300w, https:\/\/www.solomostradores.com\/wp-content\/uploads\/2019\/03\/mostradores-para-farmacias-768x576.jpg 768w, https:\/\/www.solomostradores.com\/wp-content\/uploads\/2019\/03\/mostradores-para-farmacias-1024x768.jpg 1024w, https:\/\/www.solomostradores.com\/wp-content\/uploads\/2019\/03\/mostradores-para-farmacias-800x600.jpg 800w, https:\/\/www.solomostradores.com\/wp-content\/uploads\/2019\/03\/mostradores-para-farmacias-700x525.jpg 700w\" sizes=\"(max-width: 1150px) 100vw, 1150px\" \/>[\/vc_column_text][\/vc_column][\/vc_row][vc_row css_animation=\u00a0\u00bb\u00a0\u00bb row_type=\u00a0\u00bbrow\u00a0\u00bb use_row_as_full_screen_section=\u00a0\u00bbno\u00a0\u00bb type=\u00a0\u00bbgrid\u00a0\u00bb angled_section=\u00a0\u00bbno\u00a0\u00bb text_align=\u00a0\u00bbleft\u00a0\u00bb background_image_as_pattern=\u00a0\u00bbwithout_pattern\u00a0\u00bb padding_top=\u00a0\u00bb30&Prime; padding_bottom=\u00a0\u00bb30&Prime; z_index=\u00a0\u00bb\u00a0\u00bb][vc_column][vc_column_text]<\/p>\n<p style=\"text-align: justify;\">Le blanc est la couleur de r\u00e9f\u00e9rence pour les pharmacies. Par cons\u00e9quent il s\u2019agit de la couleur dominante de nos<b> comptoirs pour pharmacies<\/b>. Le comptoir courbe, classique, contemporain m\u00eame le basique avec l\u2019avant en marbre blanc, pourraient \u00eatre parfaits dans le secteur pharmacie.<\/p>\n<p>&nbsp;<\/p>\n<p style=\"text-align: justify;\">La couleur blanche est id\u00e9al aussi pour l\u2019int\u00e9rieur des comptoirs. Mais vous pourrez choisir la couleur qui vous convient dans notre gamme de couleurs.<\/p>\n<p>&nbsp;<\/p>\n<p style=\"text-align: justify;\">En ce qui concerne les accessoires, une grande gamme d\u2019accessoires comme la croix verte, le repose sac ou le pr\u00e9sentoir sont les principaux accessoires du secteur.<\/p>\n<p>&nbsp;<\/p>\n<p style=\"text-align: justify;\">Si vous avez besoin plus d\u2019informations sur nos <strong>comptoirs pour pharmacie<\/strong> n\u2019h\u00e9sitez pas \u00e0 nous contacter.<\/p>\n<p>[\/vc_column_text][\/vc_column][\/vc_row][vc_row css_animation=\u00a0\u00bb\u00a0\u00bb row_type=\u00a0\u00bbrow\u00a0\u00bb use_row_as_full_screen_section=\u00a0\u00bbno\u00a0\u00bb type=\u00a0\u00bbfull_width\u00a0\u00bb angled_section=\u00a0\u00bbno\u00a0\u00bb text_align=\u00a0\u00bbcenter\u00a0\u00bb background_image_as_pattern=\u00a0\u00bbwithout_pattern\u00a0\u00bb padding_bottom=\u00a0\u00bb30&Prime; z_index=\u00a0\u00bb\u00a0\u00bb][vc_column]<a  itemprop=\"url\" href=\"https:\/\/www.inretailshop.com\/fr\/comptoir\/5-comptoir-gropius-0000001805031.html\" target=\"_blank\"  class=\"qbutton  large default\" style=\"\">voir comptoir<\/a>[\/vc_column][\/vc_row]<\/p>\n","protected":false},"excerpt":{"rendered":"<p>[vc_row css_animation=\u00a0\u00bb\u00a0\u00bb row_type=\u00a0\u00bbrow\u00a0\u00bb use_row_as_full_screen_section=\u00a0\u00bbno\u00a0\u00bb type=\u00a0\u00bbfull_width\u00a0\u00bb angled_section=\u00a0\u00bbno\u00a0\u00bb text_align=\u00a0\u00bbleft\u00a0\u00bb background_image_as_pattern=\u00a0\u00bbwithout_pattern\u00a0\u00bb][vc_column][vc_column_text][\/vc_column_text][\/vc_column][\/vc_row][vc_row css_animation=\u00a0\u00bb\u00a0\u00bb row_type=\u00a0\u00bbrow\u00a0\u00bb use_row_as_full_screen_section=\u00a0\u00bbno\u00a0\u00bb type=\u00a0\u00bbgrid\u00a0\u00bb angled_section=\u00a0\u00bbno\u00a0\u00bb text_align=\u00a0\u00bbleft\u00a0\u00bb background_image_as_pattern=\u00a0\u00bbwithout_pattern\u00a0\u00bb padding_top=\u00a0\u00bb30&Prime; padding_bottom=\u00a0\u00bb30&Prime; z_index=\u00a0\u00bb\u00a0\u00bb][vc_column][vc_column_text] Le blanc est la couleur de r\u00e9f\u00e9rence pour les pharmacies. Par cons\u00e9quent il s\u2019agit de la couleur dominante de nos comptoirs pour pharmacies. Le comptoir courbe, classique,&#8230;<\/p>\n","protected":false},"author":1,"featured_media":0,"parent":0,"menu_order":0,"comment_status":"closed","ping_status":"closed","template":"","meta":{"footnotes":""},"aioseo_notices":[],"_links":{"self":[{"href":"https:\/\/www.solomostradores.com\/fr\/wp-json\/wp\/v2\/pages\/16110"}],"collection":[{"href":"https:\/\/www.solomostradores.com\/fr\/wp-json\/wp\/v2\/pages"}],"about":[{"href":"https:\/\/www.solomostradores.com\/fr\/wp-json\/wp\/v2\/types\/page"}],"author":[{"embeddable":true,"href":"https:\/\/www.solomostradores.com\/fr\/wp-json\/wp\/v2\/users\/1"}],"replies":[{"embeddable":true,"href":"https:\/\/www.solomostradores.com\/fr\/wp-json\/wp\/v2\/comments?post=16110"}],"version-history":[{"count":13,"href":"https:\/\/www.solomostradores.com\/fr\/wp-json\/wp\/v2\/pages\/16110\/revisions"}],"predecessor-version":[{"id":16378,"href":"https:\/\/www.solomostradores.com\/fr\/wp-json\/wp\/v2\/pages\/16110\/revisions\/16378"}],"wp:attachment":[{"href":"https:\/\/www.solomostradores.com\/fr\/wp-json\/wp\/v2\/media?parent=16110"}],"curies":[{"name":"wp","href":"https:\/\/api.w.org\/{rel}","templated":true}]}}