{"id":16118,"date":"2018-05-17T08:15:20","date_gmt":"2018-05-17T08:15:20","guid":{"rendered":"https:\/\/www.solomostradores.com\/?page_id=16118"},"modified":"2025-08-22T13:30:26","modified_gmt":"2025-08-22T13:30:26","slug":"contactez-nous","status":"publish","type":"page","link":"https:\/\/www.solomostradores.com\/fr\/contactez-nous\/","title":{"rendered":"Contactez nous"},"content":{"rendered":"<p>[vc_row css_animation=\u00a0\u00bb\u00a0\u00bb row_type=\u00a0\u00bbrow\u00a0\u00bb use_row_as_full_screen_section=\u00a0\u00bbno\u00a0\u00bb type=\u00a0\u00bbgrid\u00a0\u00bb angled_section=\u00a0\u00bbno\u00a0\u00bb text_align=\u00a0\u00bbleft\u00a0\u00bb background_image_as_pattern=\u00a0\u00bbwithout_pattern\u00a0\u00bb z_index=\u00a0\u00bb\u00a0\u00bb][vc_column width=\u00a0\u00bb1\/2&Prime;][vc_column_text]<\/p>\n<h5><span id=\"result_box\" class=\"short_text\" lang=\"fr\"><span class=\"\">Notre bureau<\/span><\/span><\/h5>\n<p>[\/vc_column_text][vc_separator type=\u00a0\u00bbtransparent\u00a0\u00bb up=\u00a0\u00bb6&Prime; down=\u00a0\u00bb6&Prime;][vc_column_text]Poligono industrial Via Europa II<\/p>\n<p>12550 Almazora \/ Castell\u00f3n<\/p>\n<p>Espagne<\/p>\n<p>E-mail: <a href=\"mailto:info@inretail.shop\">info@inretailshop.com<\/a><\/p>\n<p><span id=\"result_box\" class=\"short_text\" lang=\"fr\"><span class=\"\">t\u00e9l\u00e9phone<\/span><\/span>: +34 964 79 00 26[\/vc_column_text][vc_separator type=\u00a0\u00bbtransparent\u00a0\u00bb up=\u00a0\u00bb6&Prime; down=\u00a0\u00bb6&Prime;]<span class='q_social_icon_holder normal_social' ><a itemprop='url' href='https:\/\/twitter.com\/InretailShop' target='_blank'><i class=\"qode_icon_font_awesome fa fa-twitter fa-lg simple_social\" style=\"margin: 0 13px 0 0;\" ><\/i><\/a><\/span><span class='q_social_icon_holder normal_social' ><a itemprop='url' href='https:\/\/www.facebook.com\/InretailFrance\/' target='_blank'><i class=\"qode_icon_font_awesome fa fa-facebook fa-lg simple_social\" style=\"margin: 0 13px 0 0;\" ><\/i><\/a><\/span><span class='q_social_icon_holder normal_social' ><a itemprop='url' href='https:\/\/www.instagram.com\/inretail.fr\/' target='_blank'><i class=\"qode_icon_font_awesome fa fa-instagram fa-lg simple_social\" style=\"margin: 0 13px 0 0;\" ><\/i><\/a><\/span><span class='q_social_icon_holder normal_social' ><a itemprop='url' href='https:\/\/www.youtube.com\/channel\/UCXwJxifuNvVIFKlJz89bvaw?view_as=subscriber' target='_blank'><i class=\"qode_icon_font_awesome fa fa-youtube fa-lg simple_social\" style=\"margin: 0 13px 0 0;\" ><\/i><\/a><\/span><span class='q_social_icon_holder normal_social' ><a itemprop='url' href='https:\/\/www.pinterest.es\/inretail_fr\/' target='_blank'><i class=\"qode_icon_font_awesome fa fa-pinterest fa-lg simple_social\" style=\"margin: 0 13px 0 0;\" ><\/i><\/a><\/span>[\/vc_column][vc_column width=\u00a0\u00bb1\/2&Prime;]\n<div class=\"wpcf7 no-js\" id=\"wpcf7-f16125-o1\" lang=\"es-ES\" dir=\"ltr\">\n<div class=\"screen-reader-response\"><p role=\"status\" aria-live=\"polite\" aria-atomic=\"true\"><\/p> <ul><\/ul><\/div>\n<form action=\"\/fr\/wp-json\/wp\/v2\/pages\/16118#wpcf7-f16125-o1\" method=\"post\" class=\"wpcf7-form init default\" aria-label=\"Formulaire de contact\" novalidate=\"novalidate\" data-status=\"init\">\n<div style=\"display: none;\">\n<input type=\"hidden\" name=\"_wpcf7\" value=\"16125\" \/>\n<input type=\"hidden\" name=\"_wpcf7_version\" value=\"5.9.6\" \/>\n<input type=\"hidden\" name=\"_wpcf7_locale\" value=\"es_ES\" \/>\n<input type=\"hidden\" name=\"_wpcf7_unit_tag\" value=\"wpcf7-f16125-o1\" \/>\n<input type=\"hidden\" name=\"_wpcf7_container_post\" value=\"0\" \/>\n<input type=\"hidden\" name=\"_wpcf7_posted_data_hash\" value=\"\" \/>\n<input type=\"hidden\" name=\"_wpcf7_recaptcha_response\" value=\"\" \/>\n<\/div>\n<p><label> Pr\u00e9nom (obligatoire)<br \/>\n<span class=\"wpcf7-form-control-wrap\" data-name=\"your-name\"><input size=\"40\" maxlength=\"80\" class=\"wpcf7-form-control wpcf7-text wpcf7-validates-as-required\" aria-required=\"true\" aria-invalid=\"false\" value=\"\" type=\"text\" name=\"your-name\" \/><\/span> <\/label>\n<\/p>\n<p><label> Mail (obligatoire)<br \/>\n<span class=\"wpcf7-form-control-wrap\" data-name=\"your-email\"><input size=\"40\" maxlength=\"80\" class=\"wpcf7-form-control wpcf7-email wpcf7-validates-as-required wpcf7-text wpcf7-validates-as-email\" aria-required=\"true\" aria-invalid=\"false\" value=\"\" type=\"email\" name=\"your-email\" \/><\/span> <\/label>\n<\/p>\n<p><label> Assujettir<br \/>\n<span class=\"wpcf7-form-control-wrap\" data-name=\"your-subject\"><input size=\"40\" maxlength=\"80\" class=\"wpcf7-form-control wpcf7-text\" aria-invalid=\"false\" value=\"\" type=\"text\" name=\"your-subject\" \/><\/span> <\/label>\n<\/p>\n<p><label> Message<br \/>\n<span class=\"wpcf7-form-control-wrap\" data-name=\"your-message\"><textarea cols=\"40\" rows=\"10\" maxlength=\"400\" class=\"wpcf7-form-control wpcf7-textarea\" aria-invalid=\"false\" name=\"your-message\"><\/textarea><\/span> <\/label>\n<\/p>\n<p><span class=\"wpcf7-form-control-wrap\" data-name=\"acceptance-229\"><span class=\"wpcf7-form-control wpcf7-acceptance\"><span class=\"wpcf7-list-item\"><label><input type=\"checkbox\" name=\"acceptance-229\" value=\"1\" aria-invalid=\"false\" \/><span class=\"wpcf7-list-item-label\">J'accepte la <a href=\"https:\/\/www.solomostradores.com\/fr\/politica-de-privacidad\/\" rel=\"nofollow\">politique de confidentialit\u00e9<\/a><\/span><\/label><\/span><\/span><\/span>\n<\/p>\n<p><input class=\"wpcf7-form-control wpcf7-submit has-spinner\" type=\"submit\" value=\"Envoyer\" \/>\n<\/p><div class=\"wpcf7-response-output\" aria-hidden=\"true\"><\/div>\n<\/form>\n<\/div>\n[vc_column_text el_class=\u00a0\u00bbtexto-legal\u00a0\u00bb]Conform\u00e9ment \u00e0 la r\u00e9glementation en vigueur en mati\u00e8re de protection des donn\u00e9es, nous vous informons que le responsable de vos donn\u00e9es personnelles est INTERNET RETAIL COMPANY, S.L. Vos donn\u00e9es seront trait\u00e9es dans le but de r\u00e9pondre aux demandes d&rsquo;information re\u00e7ues, ainsi que pour recevoir des communications commerciales concernant des nouveaut\u00e9s, des produits et des services, sur la base de votre consentement. Les donn\u00e9es personnelles collect\u00e9es seront c\u00e9d\u00e9es, si n\u00e9cessaire, pour le d\u00e9veloppement, l&rsquo;ex\u00e9cution et le contr\u00f4le des services demand\u00e9s ou contract\u00e9s, ainsi que conform\u00e9ment aux dispositions l\u00e9gales. Vous pouvez acc\u00e9der, rectifier et supprimer vos donn\u00e9es, ainsi qu&rsquo;exercer d&rsquo;autres droits relatifs \u00e0 la protection des donn\u00e9es en envoyant un e-mail \u00e0 info@inretailshop.com et en justifiant de votre identit\u00e9. Pour plus d&rsquo;informations, vous pouvez consulter la <a href=\"https:\/\/www.solomostradores.com\/fr\/politica-de-privacidad\/\" rel=\"nofollow \">Politique de Confidentialit\u00e9<\/a> sur notre site web ou la demander \u00e0 notre Organisation.[\/vc_column_text][\/vc_column][\/vc_row]<\/p>\n","protected":false},"excerpt":{"rendered":"<p>[vc_row css_animation=\u00a0\u00bb\u00a0\u00bb row_type=\u00a0\u00bbrow\u00a0\u00bb use_row_as_full_screen_section=\u00a0\u00bbno\u00a0\u00bb type=\u00a0\u00bbgrid\u00a0\u00bb angled_section=\u00a0\u00bbno\u00a0\u00bb text_align=\u00a0\u00bbleft\u00a0\u00bb background_image_as_pattern=\u00a0\u00bbwithout_pattern\u00a0\u00bb z_index=\u00a0\u00bb\u00a0\u00bb][vc_column width=\u00a0\u00bb1\/2&Prime;][vc_column_text] Notre bureau [\/vc_column_text][vc_separator type=\u00a0\u00bbtransparent\u00a0\u00bb up=\u00a0\u00bb6&Prime; down=\u00a0\u00bb6&Prime;][vc_column_text]Poligono industrial Via Europa II 12550 Almazora \/ Castell\u00f3n Espagne E-mail: info@inretailshop.com t\u00e9l\u00e9phone: +34 964 79 00 26[\/vc_column_text][vc_separator type=\u00a0\u00bbtransparent\u00a0\u00bb up=\u00a0\u00bb6&Prime; down=\u00a0\u00bb6&Prime;][\/vc_column][vc_column width=\u00a0\u00bb1\/2&Prime;][vc_column_text el_class=\u00a0\u00bbtexto-legal\u00a0\u00bb]Conform\u00e9ment \u00e0 la r\u00e9glementation en vigueur en mati\u00e8re&#8230;<\/p>\n","protected":false},"author":4,"featured_media":0,"parent":0,"menu_order":0,"comment_status":"open","ping_status":"open","template":"full_width.php","meta":{"footnotes":""},"aioseo_notices":[],"_links":{"self":[{"href":"https:\/\/www.solomostradores.com\/fr\/wp-json\/wp\/v2\/pages\/16118"}],"collection":[{"href":"https:\/\/www.solomostradores.com\/fr\/wp-json\/wp\/v2\/pages"}],"about":[{"href":"https:\/\/www.solomostradores.com\/fr\/wp-json\/wp\/v2\/types\/page"}],"author":[{"embeddable":true,"href":"https:\/\/www.solomostradores.com\/fr\/wp-json\/wp\/v2\/users\/4"}],"replies":[{"embeddable":true,"href":"https:\/\/www.solomostradores.com\/fr\/wp-json\/wp\/v2\/comments?post=16118"}],"version-history":[{"count":11,"href":"https:\/\/www.solomostradores.com\/fr\/wp-json\/wp\/v2\/pages\/16118\/revisions"}],"predecessor-version":[{"id":16974,"href":"https:\/\/www.solomostradores.com\/fr\/wp-json\/wp\/v2\/pages\/16118\/revisions\/16974"}],"wp:attachment":[{"href":"https:\/\/www.solomostradores.com\/fr\/wp-json\/wp\/v2\/media?parent=16118"}],"curies":[{"name":"wp","href":"https:\/\/api.w.org\/{rel}","templated":true}]}}