{"id":16139,"date":"2018-05-17T09:31:57","date_gmt":"2018-05-17T09:31:57","guid":{"rendered":"https:\/\/www.solomostradores.com\/?page_id=16139"},"modified":"2019-04-02T14:03:00","modified_gmt":"2019-04-02T14:03:00","slug":"comptoirs-pour-les-centres-de-beaute-de-coiffure-et-de-cosmetique","status":"publish","type":"page","link":"https:\/\/www.solomostradores.com\/fr\/comptoirs-pour-les-centres-de-beaute-de-coiffure-et-de-cosmetique\/","title":{"rendered":"COMPTOIRS POUR INSTITUTS BEAUT\u00c9, SALONS DE COIFFURE ET COMMERCES DE COSMETIQUE"},"content":{"rendered":"<p>[vc_row css_animation=\u00a0\u00bb\u00a0\u00bb row_type=\u00a0\u00bbrow\u00a0\u00bb use_row_as_full_screen_section=\u00a0\u00bbno\u00a0\u00bb type=\u00a0\u00bbfull_width\u00a0\u00bb angled_section=\u00a0\u00bbno\u00a0\u00bb text_align=\u00a0\u00bbleft\u00a0\u00bb background_image_as_pattern=\u00a0\u00bbwithout_pattern\u00a0\u00bb][vc_column][vc_column_text]<img decoding=\"async\" style=\"width: 100%;\" title=\"Comptoirs pour les centres de beaut\u00e9, de coiffure et de cosm\u00e9tique\" src=\"https:\/\/www.solomostradores.com\/wp-content\/uploads\/2019\/03\/mostradores-para-centros-de-belleza-peluqueria-estetica.jpg\" alt=\"comptoirs-pour-les-centres-de-beaut\u00e9-coiffure-et-de- cosm\u00e9tique\" \/>[\/vc_column_text][\/vc_column][\/vc_row][vc_row css_animation=\u00a0\u00bb\u00a0\u00bb row_type=\u00a0\u00bbrow\u00a0\u00bb use_row_as_full_screen_section=\u00a0\u00bbno\u00a0\u00bb type=\u00a0\u00bbgrid\u00a0\u00bb angled_section=\u00a0\u00bbno\u00a0\u00bb text_align=\u00a0\u00bbleft\u00a0\u00bb background_image_as_pattern=\u00a0\u00bbwithout_pattern\u00a0\u00bb padding_top=\u00a0\u00bb30&Prime; padding_bottom=\u00a0\u00bb30&Prime; z_index=\u00a0\u00bb\u00a0\u00bb][vc_column][vc_column_text]<\/p>\n<p style=\"text-align: justify;\">Loin des <strong>centres beaut\u00e9 et salons de coiffure traditionnels<\/strong> , nous r\u00e9inventons le design avec une vaste gamme de comptoirs en conservant le c\u00f4t\u00e9 \u00e9l\u00e9gant et traditionnel mais avec une touche originale et multifonctionnelle..<\/p>\n<p>&nbsp;<\/p>\n<p style=\"text-align: justify;\">Si vous avez besoin plus d\u2019informations sur nos <strong>comptoirs centres beaut\u00e9 et salon coiffure<\/strong> n\u2019h\u00e9sitez pas \u00e0 nous contacter.<\/p>\n<p>[\/vc_column_text][\/vc_column][\/vc_row][vc_row css_animation=\u00a0\u00bb\u00a0\u00bb row_type=\u00a0\u00bbrow\u00a0\u00bb use_row_as_full_screen_section=\u00a0\u00bbno\u00a0\u00bb type=\u00a0\u00bbfull_width\u00a0\u00bb angled_section=\u00a0\u00bbno\u00a0\u00bb text_align=\u00a0\u00bbcenter\u00a0\u00bb background_image_as_pattern=\u00a0\u00bbwithout_pattern\u00a0\u00bb padding_bottom=\u00a0\u00bb30&Prime; z_index=\u00a0\u00bb\u00a0\u00bb][vc_column]<a  itemprop=\"url\" href=\"https:\/\/www.inretailshop.com\/fr\/comptoir\/9-comptoir-aalto-0000001805062.html\" target=\"_blank\"  class=\"qbutton  large default\" style=\"\">VOIR COMPTOIR<\/a>[\/vc_column][\/vc_row]<\/p>\n","protected":false},"excerpt":{"rendered":"<p>[vc_row css_animation=\u00a0\u00bb\u00a0\u00bb row_type=\u00a0\u00bbrow\u00a0\u00bb use_row_as_full_screen_section=\u00a0\u00bbno\u00a0\u00bb type=\u00a0\u00bbfull_width\u00a0\u00bb angled_section=\u00a0\u00bbno\u00a0\u00bb text_align=\u00a0\u00bbleft\u00a0\u00bb background_image_as_pattern=\u00a0\u00bbwithout_pattern\u00a0\u00bb][vc_column][vc_column_text][\/vc_column_text][\/vc_column][\/vc_row][vc_row css_animation=\u00a0\u00bb\u00a0\u00bb row_type=\u00a0\u00bbrow\u00a0\u00bb use_row_as_full_screen_section=\u00a0\u00bbno\u00a0\u00bb type=\u00a0\u00bbgrid\u00a0\u00bb angled_section=\u00a0\u00bbno\u00a0\u00bb text_align=\u00a0\u00bbleft\u00a0\u00bb background_image_as_pattern=\u00a0\u00bbwithout_pattern\u00a0\u00bb padding_top=\u00a0\u00bb30&Prime; padding_bottom=\u00a0\u00bb30&Prime; z_index=\u00a0\u00bb\u00a0\u00bb][vc_column][vc_column_text] Loin des centres beaut\u00e9 et salons de coiffure traditionnels , nous r\u00e9inventons le design avec une vaste gamme de comptoirs en conservant le c\u00f4t\u00e9 \u00e9l\u00e9gant et traditionnel&#8230;<\/p>\n","protected":false},"author":4,"featured_media":0,"parent":0,"menu_order":0,"comment_status":"closed","ping_status":"closed","template":"","meta":{"footnotes":""},"aioseo_notices":[],"_links":{"self":[{"href":"https:\/\/www.solomostradores.com\/fr\/wp-json\/wp\/v2\/pages\/16139"}],"collection":[{"href":"https:\/\/www.solomostradores.com\/fr\/wp-json\/wp\/v2\/pages"}],"about":[{"href":"https:\/\/www.solomostradores.com\/fr\/wp-json\/wp\/v2\/types\/page"}],"author":[{"embeddable":true,"href":"https:\/\/www.solomostradores.com\/fr\/wp-json\/wp\/v2\/users\/4"}],"replies":[{"embeddable":true,"href":"https:\/\/www.solomostradores.com\/fr\/wp-json\/wp\/v2\/comments?post=16139"}],"version-history":[{"count":13,"href":"https:\/\/www.solomostradores.com\/fr\/wp-json\/wp\/v2\/pages\/16139\/revisions"}],"predecessor-version":[{"id":16552,"href":"https:\/\/www.solomostradores.com\/fr\/wp-json\/wp\/v2\/pages\/16139\/revisions\/16552"}],"wp:attachment":[{"href":"https:\/\/www.solomostradores.com\/fr\/wp-json\/wp\/v2\/media?parent=16139"}],"curies":[{"name":"wp","href":"https:\/\/api.w.org\/{rel}","templated":true}]}}