{"id":16146,"date":"2018-05-17T09:48:37","date_gmt":"2018-05-17T09:48:37","guid":{"rendered":"https:\/\/www.solomostradores.com\/?page_id=16146"},"modified":"2019-04-02T10:56:37","modified_gmt":"2019-04-02T10:56:37","slug":"comptoirs-de-bijouteries","status":"publish","type":"page","link":"https:\/\/www.solomostradores.com\/fr\/comptoirs-de-bijouteries\/","title":{"rendered":"Comptoirs pour tout type de bijouteries"},"content":{"rendered":"<p>[vc_row css_animation=\u00a0\u00bb\u00a0\u00bb row_type=\u00a0\u00bbrow\u00a0\u00bb use_row_as_full_screen_section=\u00a0\u00bbno\u00a0\u00bb type=\u00a0\u00bbfull_width\u00a0\u00bb angled_section=\u00a0\u00bbno\u00a0\u00bb text_align=\u00a0\u00bbleft\u00a0\u00bb background_image_as_pattern=\u00a0\u00bbwithout_pattern\u00a0\u00bb][vc_column][vc_column_text]<img decoding=\"async\" style=\"width: 100%;\" title=\"Comptoir du bijouterie\" src=\"https:\/\/www.solomostradores.com\/wp-content\/uploads\/2019\/03\/mostradores-para-joyerias.jpg\" alt=\"comptoir-du- bijouterie\" \/>[\/vc_column_text][\/vc_column][\/vc_row][vc_row css_animation=\u00a0\u00bb\u00a0\u00bb row_type=\u00a0\u00bbrow\u00a0\u00bb use_row_as_full_screen_section=\u00a0\u00bbno\u00a0\u00bb type=\u00a0\u00bbgrid\u00a0\u00bb angled_section=\u00a0\u00bbno\u00a0\u00bb text_align=\u00a0\u00bbleft\u00a0\u00bb background_image_as_pattern=\u00a0\u00bbwithout_pattern\u00a0\u00bb padding_top=\u00a0\u00bb30&Prime; padding_bottom=\u00a0\u00bb30&Prime; z_index=\u00a0\u00bb\u00a0\u00bb][vc_column][vc_column_text]<\/p>\n<p style=\"text-align: justify;\">S\u00e9curit\u00e9, r\u00e9sistance et \u00e9l\u00e9gance. Ce sont les trois \u00e9l\u00e9ments fondamentaux dans nos <strong>comptoirs pour bijouteries<\/strong>. Con\u00e7us avec une vari\u00e9t\u00e9 de finitions, nous avons con\u00e7u des designs \u00e9l\u00e9gants, s\u00e9duisants et fonctionnels \u00e0 la fois pour le secteur bijouterie.<\/p>\n<p>&nbsp;<\/p>\n<p style=\"text-align: justify;\">La vitrine, l\u2019accessoire par excellence. Con\u00e7ues pour pr\u00e9senter les produits de fa\u00e7on s\u00e9curis\u00e9, vous pourrez \u00e9galement choisir sa position sur le comptoir ainsi que la couleur qui s\u2019adaptera au mieux \u00e0 votre projet, en composant un excellent comptoir avec vitrine.<\/p>\n<p>&nbsp;<\/p>\n<p style=\"text-align: justify;\">Si vous avez besoin de plus d\u2019 informations sur nos <strong>comptoirs de bijouterie<\/strong> n\u2019h\u00e9sitez pas \u00e0 nous contacter.<\/p>\n<p>[\/vc_column_text][\/vc_column][\/vc_row][vc_row css_animation=\u00a0\u00bb\u00a0\u00bb row_type=\u00a0\u00bbrow\u00a0\u00bb use_row_as_full_screen_section=\u00a0\u00bbno\u00a0\u00bb type=\u00a0\u00bbfull_width\u00a0\u00bb angled_section=\u00a0\u00bbno\u00a0\u00bb text_align=\u00a0\u00bbcenter\u00a0\u00bb background_image_as_pattern=\u00a0\u00bbwithout_pattern\u00a0\u00bb padding_bottom=\u00a0\u00bb30&Prime; z_index=\u00a0\u00bb\u00a0\u00bb][vc_column]<a  itemprop=\"url\" href=\"https:\/\/www.inretailshop.com\/fr\/comptoir\/10-comptoir-rohe-0000001805093.html\" target=\"_blank\"  class=\"qbutton  large default\" style=\"\">VOIR COMPTOIR<\/a>[\/vc_column][\/vc_row]<\/p>\n","protected":false},"excerpt":{"rendered":"<p>[vc_row css_animation=\u00a0\u00bb\u00a0\u00bb row_type=\u00a0\u00bbrow\u00a0\u00bb use_row_as_full_screen_section=\u00a0\u00bbno\u00a0\u00bb type=\u00a0\u00bbfull_width\u00a0\u00bb angled_section=\u00a0\u00bbno\u00a0\u00bb text_align=\u00a0\u00bbleft\u00a0\u00bb background_image_as_pattern=\u00a0\u00bbwithout_pattern\u00a0\u00bb][vc_column][vc_column_text][\/vc_column_text][\/vc_column][\/vc_row][vc_row css_animation=\u00a0\u00bb\u00a0\u00bb row_type=\u00a0\u00bbrow\u00a0\u00bb use_row_as_full_screen_section=\u00a0\u00bbno\u00a0\u00bb type=\u00a0\u00bbgrid\u00a0\u00bb angled_section=\u00a0\u00bbno\u00a0\u00bb text_align=\u00a0\u00bbleft\u00a0\u00bb background_image_as_pattern=\u00a0\u00bbwithout_pattern\u00a0\u00bb padding_top=\u00a0\u00bb30&Prime; padding_bottom=\u00a0\u00bb30&Prime; z_index=\u00a0\u00bb\u00a0\u00bb][vc_column][vc_column_text] S\u00e9curit\u00e9, r\u00e9sistance et \u00e9l\u00e9gance. Ce sont les trois \u00e9l\u00e9ments fondamentaux dans nos comptoirs pour bijouteries. Con\u00e7us avec une vari\u00e9t\u00e9 de finitions, nous avons con\u00e7u des designs \u00e9l\u00e9gants,&#8230;<\/p>\n","protected":false},"author":4,"featured_media":0,"parent":0,"menu_order":0,"comment_status":"closed","ping_status":"closed","template":"","meta":{"footnotes":""},"aioseo_notices":[],"_links":{"self":[{"href":"https:\/\/www.solomostradores.com\/fr\/wp-json\/wp\/v2\/pages\/16146"}],"collection":[{"href":"https:\/\/www.solomostradores.com\/fr\/wp-json\/wp\/v2\/pages"}],"about":[{"href":"https:\/\/www.solomostradores.com\/fr\/wp-json\/wp\/v2\/types\/page"}],"author":[{"embeddable":true,"href":"https:\/\/www.solomostradores.com\/fr\/wp-json\/wp\/v2\/users\/4"}],"replies":[{"embeddable":true,"href":"https:\/\/www.solomostradores.com\/fr\/wp-json\/wp\/v2\/comments?post=16146"}],"version-history":[{"count":7,"href":"https:\/\/www.solomostradores.com\/fr\/wp-json\/wp\/v2\/pages\/16146\/revisions"}],"predecessor-version":[{"id":16539,"href":"https:\/\/www.solomostradores.com\/fr\/wp-json\/wp\/v2\/pages\/16146\/revisions\/16539"}],"wp:attachment":[{"href":"https:\/\/www.solomostradores.com\/fr\/wp-json\/wp\/v2\/media?parent=16146"}],"curies":[{"name":"wp","href":"https:\/\/api.w.org\/{rel}","templated":true}]}}