{"id":16163,"date":"2018-05-17T10:20:21","date_gmt":"2018-05-17T10:20:21","guid":{"rendered":"https:\/\/www.solomostradores.com\/?page_id=16163"},"modified":"2019-04-02T13:23:47","modified_gmt":"2019-04-02T13:23:47","slug":"comptoirs-de-receptions-de-hotel","status":"publish","type":"page","link":"https:\/\/www.solomostradores.com\/fr\/comptoirs-de-receptions-de-hotel\/","title":{"rendered":"Comptoirs de rec\u00e9ptions d&rsquo;h\u00f4tel"},"content":{"rendered":"<p>[vc_row css_animation=\u00a0\u00bb\u00a0\u00bb row_type=\u00a0\u00bbrow\u00a0\u00bb use_row_as_full_screen_section=\u00a0\u00bbno\u00a0\u00bb type=\u00a0\u00bbfull_width\u00a0\u00bb angled_section=\u00a0\u00bbno\u00a0\u00bb text_align=\u00a0\u00bbleft\u00a0\u00bb background_image_as_pattern=\u00a0\u00bbwithout_pattern\u00a0\u00bb][vc_column][vc_column_text]<img decoding=\"async\" style=\"width: 100%;\" title=\"Comptoir de rec\u00e9ptions d'hotel\" src=\"https:\/\/www.solomostradores.com\/wp-content\/uploads\/2019\/03\/mostradores-para-recepcion-hotel.jpg\" alt=\"comptoir-de rec\u00e9ptions-d'hotel\" \/>[\/vc_column_text][\/vc_column][\/vc_row][vc_row css_animation=\u00a0\u00bb\u00a0\u00bb row_type=\u00a0\u00bbrow\u00a0\u00bb use_row_as_full_screen_section=\u00a0\u00bbno\u00a0\u00bb type=\u00a0\u00bbgrid\u00a0\u00bb angled_section=\u00a0\u00bbno\u00a0\u00bb text_align=\u00a0\u00bbleft\u00a0\u00bb background_image_as_pattern=\u00a0\u00bbwithout_pattern\u00a0\u00bb padding_top=\u00a0\u00bb30&Prime; padding_bottom=\u00a0\u00bb30&Prime; z_index=\u00a0\u00bb\u00a0\u00bb][vc_column][vc_column_text]<\/p>\n<p style=\"text-align: justify;\">\u00ab La premi\u00e8re impression est la plus importante \u00bb. Gr\u00e2ce \u00e0 notre gamme des comptoirs des finitions exclusives pour <strong>r\u00e9ception d&rsquo;h\u00f4tel<\/strong> et des designs d\u2019avant-garde, vous pourrez meubler et d\u00e9corer la r\u00e9ception de votre \u00e9tablissement tout en cr\u00e9ant un ambience agr\u00e9able.<\/p>\n<p>&nbsp;<\/p>\n<p style=\"text-align: justify;\">Gr\u00e2ce \u00e0 des accessoires d\u2019accueil sp\u00e9ciaux tels que la table adapt\u00e9e pour handicap\u00e9s ou le portemanteau Eileen, vous pouvez faire que vos clients se sentent comme chez eux.<\/p>\n<p>&nbsp;<\/p>\n<p style=\"text-align: justify;\">Si vous avez besoin de plus d\u2019informations sur nos <strong>comptoirs pour r\u00e9ception d&rsquo;h\u00f4tel<\/strong> n\u2019h\u00e9sitez pas \u00e0 nous contacter.<\/p>\n<p>[\/vc_column_text][\/vc_column][\/vc_row][vc_row css_animation=\u00a0\u00bb\u00a0\u00bb row_type=\u00a0\u00bbrow\u00a0\u00bb use_row_as_full_screen_section=\u00a0\u00bbno\u00a0\u00bb type=\u00a0\u00bbfull_width\u00a0\u00bb angled_section=\u00a0\u00bbno\u00a0\u00bb text_align=\u00a0\u00bbcenter\u00a0\u00bb background_image_as_pattern=\u00a0\u00bbwithout_pattern\u00a0\u00bb padding_bottom=\u00a0\u00bb30&Prime; z_index=\u00a0\u00bb\u00a0\u00bb][vc_column]<a  itemprop=\"url\" href=\"https:\/\/www.inretailshop.com\/fr\/comptoir\/10-comptoir-rohe-0000001805093.html\" target=\"_blank\"  class=\"qbutton  large default\" style=\"\">VOIR COMPTOIR<\/a>[\/vc_column][\/vc_row]<\/p>\n","protected":false},"excerpt":{"rendered":"<p>[vc_row css_animation=\u00a0\u00bb\u00a0\u00bb row_type=\u00a0\u00bbrow\u00a0\u00bb use_row_as_full_screen_section=\u00a0\u00bbno\u00a0\u00bb type=\u00a0\u00bbfull_width\u00a0\u00bb angled_section=\u00a0\u00bbno\u00a0\u00bb text_align=\u00a0\u00bbleft\u00a0\u00bb background_image_as_pattern=\u00a0\u00bbwithout_pattern\u00a0\u00bb][vc_column][vc_column_text][\/vc_column_text][\/vc_column][\/vc_row][vc_row css_animation=\u00a0\u00bb\u00a0\u00bb row_type=\u00a0\u00bbrow\u00a0\u00bb use_row_as_full_screen_section=\u00a0\u00bbno\u00a0\u00bb type=\u00a0\u00bbgrid\u00a0\u00bb angled_section=\u00a0\u00bbno\u00a0\u00bb text_align=\u00a0\u00bbleft\u00a0\u00bb background_image_as_pattern=\u00a0\u00bbwithout_pattern\u00a0\u00bb padding_top=\u00a0\u00bb30&Prime; padding_bottom=\u00a0\u00bb30&Prime; z_index=\u00a0\u00bb\u00a0\u00bb][vc_column][vc_column_text] \u00ab La premi\u00e8re impression est la plus importante \u00bb. Gr\u00e2ce \u00e0 notre gamme des comptoirs des finitions exclusives pour r\u00e9ception d&rsquo;h\u00f4tel et des designs d\u2019avant-garde, vous pourrez&#8230;<\/p>\n","protected":false},"author":4,"featured_media":0,"parent":0,"menu_order":0,"comment_status":"closed","ping_status":"closed","template":"","meta":{"footnotes":""},"aioseo_notices":[],"_links":{"self":[{"href":"https:\/\/www.solomostradores.com\/fr\/wp-json\/wp\/v2\/pages\/16163"}],"collection":[{"href":"https:\/\/www.solomostradores.com\/fr\/wp-json\/wp\/v2\/pages"}],"about":[{"href":"https:\/\/www.solomostradores.com\/fr\/wp-json\/wp\/v2\/types\/page"}],"author":[{"embeddable":true,"href":"https:\/\/www.solomostradores.com\/fr\/wp-json\/wp\/v2\/users\/4"}],"replies":[{"embeddable":true,"href":"https:\/\/www.solomostradores.com\/fr\/wp-json\/wp\/v2\/comments?post=16163"}],"version-history":[{"count":8,"href":"https:\/\/www.solomostradores.com\/fr\/wp-json\/wp\/v2\/pages\/16163\/revisions"}],"predecessor-version":[{"id":16449,"href":"https:\/\/www.solomostradores.com\/fr\/wp-json\/wp\/v2\/pages\/16163\/revisions\/16449"}],"wp:attachment":[{"href":"https:\/\/www.solomostradores.com\/fr\/wp-json\/wp\/v2\/media?parent=16163"}],"curies":[{"name":"wp","href":"https:\/\/api.w.org\/{rel}","templated":true}]}}