{"id":16167,"date":"2018-05-17T10:26:36","date_gmt":"2018-05-17T10:26:36","guid":{"rendered":"https:\/\/www.solomostradores.com\/?page_id=16167"},"modified":"2019-03-27T11:25:30","modified_gmt":"2019-03-27T11:25:30","slug":"comptoirs-de-pret-a-porter","status":"publish","type":"page","link":"https:\/\/www.solomostradores.com\/fr\/comptoirs-de-pret-a-porter\/","title":{"rendered":"Comptoirs de pr\u00eat-\u00e0-porter"},"content":{"rendered":"<p>[vc_row css_animation=\u00a0\u00bb\u00a0\u00bb row_type=\u00a0\u00bbrow\u00a0\u00bb use_row_as_full_screen_section=\u00a0\u00bbno\u00a0\u00bb type=\u00a0\u00bbfull_width\u00a0\u00bb angled_section=\u00a0\u00bbno\u00a0\u00bb text_align=\u00a0\u00bbleft\u00a0\u00bb background_image_as_pattern=\u00a0\u00bbwithout_pattern\u00a0\u00bb][vc_column][vc_column_text]<img decoding=\"async\" style=\"width: 100%;\" title=\"Comptoir de pr\u00eat-\u00e0-porter\" src=\"https:\/\/www.solomostradores.com\/wp-content\/uploads\/2019\/03\/mostradores-para-tiendas-de-ropa.jpg\" alt=\"Comptoir de pr\u00eat-\u00e0-porter\" \/>[\/vc_column_text][\/vc_column][\/vc_row][vc_row css_animation=\u00a0\u00bb\u00a0\u00bb row_type=\u00a0\u00bbrow\u00a0\u00bb use_row_as_full_screen_section=\u00a0\u00bbno\u00a0\u00bb type=\u00a0\u00bbgrid\u00a0\u00bb angled_section=\u00a0\u00bbno\u00a0\u00bb text_align=\u00a0\u00bbleft\u00a0\u00bb background_image_as_pattern=\u00a0\u00bbwithout_pattern\u00a0\u00bb padding_top=\u00a0\u00bb30&Prime; padding_bottom=\u00a0\u00bb30&Prime; z_index=\u00a0\u00bb\u00a0\u00bb][vc_column][vc_column_text]<\/p>\n<p style=\"text-align: justify;\">Il existe une multitude de tendances de v\u00eatements, chaussures et accessoires comme une multitude de combinaisons possibles de comptoirs. Afin de trouver la combinaison qui s\u2019adapte le mieux \u00e0 votre projet, nous avons con\u00e7us un syst\u00e8me modulaire et personnalis\u00e9 capable d\u2019am\u00e9nager tout espace.<\/p>\n<p>&nbsp;<\/p>\n<p style=\"text-align: justify;\">L\u2019int\u00e9rieur des modules de nos comptoirs est con\u00e7u de fa\u00e7on qu\u2019il int\u00e8gre une vaste gamme d\u2019accessoires, comme les tringles porte-manteaux, rangements de syst\u00e8mes antivol ou rangements pour porte-manteaux, en transformant l\u2019achat en un simple geste.<\/p>\n<p>&nbsp;<\/p>\n<p style=\"text-align: justify;\">Si vous avez besoin de plus d\u2019 informations sur nos comptoirs de pr\u00eat-\u00e0-porte n\u2019h\u00e9sitez pas \u00e0 nous contacter.<\/p>\n<p>[\/vc_column_text][\/vc_column][\/vc_row][vc_row css_animation=\u00a0\u00bb\u00a0\u00bb row_type=\u00a0\u00bbrow\u00a0\u00bb use_row_as_full_screen_section=\u00a0\u00bbno\u00a0\u00bb type=\u00a0\u00bbfull_width\u00a0\u00bb angled_section=\u00a0\u00bbno\u00a0\u00bb text_align=\u00a0\u00bbcenter\u00a0\u00bb background_image_as_pattern=\u00a0\u00bbwithout_pattern\u00a0\u00bb padding_bottom=\u00a0\u00bb30&Prime; z_index=\u00a0\u00bb\u00a0\u00bb][vc_column]<a  itemprop=\"url\" href=\"https:\/\/www.inretailshop.com\/fr\/comptoir\/11-comptoir-meier-0000001805079.html\" target=\"_blank\"  class=\"qbutton  large default\" style=\"\">VOIR COMPTOIR<\/a>[\/vc_column][\/vc_row]<\/p>\n","protected":false},"excerpt":{"rendered":"<p>[vc_row css_animation=\u00a0\u00bb\u00a0\u00bb row_type=\u00a0\u00bbrow\u00a0\u00bb use_row_as_full_screen_section=\u00a0\u00bbno\u00a0\u00bb type=\u00a0\u00bbfull_width\u00a0\u00bb angled_section=\u00a0\u00bbno\u00a0\u00bb text_align=\u00a0\u00bbleft\u00a0\u00bb background_image_as_pattern=\u00a0\u00bbwithout_pattern\u00a0\u00bb][vc_column][vc_column_text][\/vc_column_text][\/vc_column][\/vc_row][vc_row css_animation=\u00a0\u00bb\u00a0\u00bb row_type=\u00a0\u00bbrow\u00a0\u00bb use_row_as_full_screen_section=\u00a0\u00bbno\u00a0\u00bb type=\u00a0\u00bbgrid\u00a0\u00bb angled_section=\u00a0\u00bbno\u00a0\u00bb text_align=\u00a0\u00bbleft\u00a0\u00bb background_image_as_pattern=\u00a0\u00bbwithout_pattern\u00a0\u00bb padding_top=\u00a0\u00bb30&Prime; padding_bottom=\u00a0\u00bb30&Prime; z_index=\u00a0\u00bb\u00a0\u00bb][vc_column][vc_column_text] Il existe une multitude de tendances de v\u00eatements, chaussures et accessoires comme une multitude de combinaisons possibles de comptoirs. Afin de trouver la combinaison qui s\u2019adapte le&#8230;<\/p>\n","protected":false},"author":4,"featured_media":0,"parent":0,"menu_order":0,"comment_status":"closed","ping_status":"closed","template":"","meta":{"footnotes":""},"aioseo_notices":[],"_links":{"self":[{"href":"https:\/\/www.solomostradores.com\/fr\/wp-json\/wp\/v2\/pages\/16167"}],"collection":[{"href":"https:\/\/www.solomostradores.com\/fr\/wp-json\/wp\/v2\/pages"}],"about":[{"href":"https:\/\/www.solomostradores.com\/fr\/wp-json\/wp\/v2\/types\/page"}],"author":[{"embeddable":true,"href":"https:\/\/www.solomostradores.com\/fr\/wp-json\/wp\/v2\/users\/4"}],"replies":[{"embeddable":true,"href":"https:\/\/www.solomostradores.com\/fr\/wp-json\/wp\/v2\/comments?post=16167"}],"version-history":[{"count":6,"href":"https:\/\/www.solomostradores.com\/fr\/wp-json\/wp\/v2\/pages\/16167\/revisions"}],"predecessor-version":[{"id":16437,"href":"https:\/\/www.solomostradores.com\/fr\/wp-json\/wp\/v2\/pages\/16167\/revisions\/16437"}],"wp:attachment":[{"href":"https:\/\/www.solomostradores.com\/fr\/wp-json\/wp\/v2\/media?parent=16167"}],"curies":[{"name":"wp","href":"https:\/\/api.w.org\/{rel}","templated":true}]}}