{"id":16172,"date":"2018-05-17T10:50:10","date_gmt":"2018-05-17T10:50:10","guid":{"rendered":"https:\/\/www.solomostradores.com\/?page_id=16172"},"modified":"2019-04-02T15:07:38","modified_gmt":"2019-04-02T15:07:38","slug":"boutique-en-ligne-des-comptoirs","status":"publish","type":"page","link":"https:\/\/www.solomostradores.com\/fr\/boutique-en-ligne-des-comptoirs\/","title":{"rendered":"Boutique en ligne des comptoirs"},"content":{"rendered":"<p>[vc_row css_animation=\u00a0\u00bb\u00a0\u00bb row_type=\u00a0\u00bbrow\u00a0\u00bb use_row_as_full_screen_section=\u00a0\u00bbno\u00a0\u00bb type=\u00a0\u00bbfull_width\u00a0\u00bb angled_section=\u00a0\u00bbno\u00a0\u00bb text_align=\u00a0\u00bbleft\u00a0\u00bb background_image_as_pattern=\u00a0\u00bbwithout_pattern\u00a0\u00bb padding_top=\u00a0\u00bb30&Prime; z_index=\u00a0\u00bb\u00a0\u00bb][vc_column width=\u00a0\u00bb1\/12&Prime;][\/vc_column][vc_column width=\u00a0\u00bb10\/12&Prime;][vc_row_inner row_type=\u00a0\u00bbrow\u00a0\u00bb type=\u00a0\u00bbfull_width\u00a0\u00bb text_align=\u00a0\u00bbleft\u00a0\u00bb css_animation=\u00a0\u00bb\u00a0\u00bb][vc_column_inner width=\u00a0\u00bb1\/3&Prime;][vc_column_text]<a href=\"https:\/\/www.solomostradores.com\/fr\/comptoirs-pour-pharmacies\/\"><img loading=\"lazy\" decoding=\"async\" class=\"alignnone\" title=\"Comptoir pour pharmacies\" src=\"https:\/\/www.solomostradores.com\/wp-content\/uploads\/2019\/03\/mostradores-para-farmacias-online.jpg\" alt=\"comptoir-pour-pharmacies\" width=\"350\" height=\"220\" \/><\/a>[\/vc_column_text][\/vc_column_inner][vc_column_inner width=\u00a0\u00bb2\/3&Prime;][vc_column_text]<\/p>\n<h2><a href=\"https:\/\/www.solomostradores.com\/fr\/comptoirs-pour-pharmacies\/\">COMPTOIRS POUR PHARMACIES<\/a><\/h2>\n<p>&nbsp;<\/p>\n<p style=\"text-align: justify;\">De couleur blanche et ton bois, design classique, courbe ou contemporain. D\u00e9couvrez le comptoir pour pharmacie qui s\u2019adapte le mieux \u00e0 votre projet.<\/p>\n<p>[\/vc_column_text][\/vc_column_inner][\/vc_row_inner][\/vc_column][vc_column width=\u00a0\u00bb1\/12&Prime;][\/vc_column][\/vc_row][vc_row css_animation=\u00a0\u00bb\u00a0\u00bb row_type=\u00a0\u00bbrow\u00a0\u00bb use_row_as_full_screen_section=\u00a0\u00bbno\u00a0\u00bb type=\u00a0\u00bbfull_width\u00a0\u00bb angled_section=\u00a0\u00bbno\u00a0\u00bb text_align=\u00a0\u00bbleft\u00a0\u00bb background_image_as_pattern=\u00a0\u00bbwithout_pattern\u00a0\u00bb padding_top=\u00a0\u00bb30&Prime; z_index=\u00a0\u00bb\u00a0\u00bb][vc_column width=\u00a0\u00bb1\/12&Prime;][\/vc_column][vc_column width=\u00a0\u00bb10\/12&Prime;][vc_row_inner row_type=\u00a0\u00bbrow\u00a0\u00bb type=\u00a0\u00bbfull_width\u00a0\u00bb text_align=\u00a0\u00bbleft\u00a0\u00bb css_animation=\u00a0\u00bb\u00a0\u00bb][vc_column_inner width=\u00a0\u00bb1\/3&Prime;][vc_column_text]<a href=\"https:\/\/www.solomostradores.com\/fr\/comptoirs-pour-opticiens\/\"><img loading=\"lazy\" decoding=\"async\" class=\"alignnone\" title=\"Comptoir pour opticiens\" src=\"https:\/\/www.solomostradores.com\/wp-content\/uploads\/2019\/03\/mostradores-para-opticas-online.jpg\" alt=\"comptoir-pour-opticiens\" width=\"350\" height=\"220\" \/><\/a>[\/vc_column_text][\/vc_column_inner][vc_column_inner width=\u00a0\u00bb2\/3&Prime;][vc_column_text]<\/p>\n<h2><a href=\"https:\/\/www.solomostradores.com\/fr\/comptoirs-pour-opticiens\/\">COMPTOIRS POUR OPTICIENS<\/a><\/h2>\n<p>&nbsp;<\/p>\n<p style=\"text-align: justify;\">Style glamour, simple ou traditionnel. Toute notre gamme de comptoirs et finitions peuvent s\u2019adapter \u00e0 votre magasin d\u2019optique en cr\u00e9ant un ambiance unique.<\/p>\n<p>[\/vc_column_text][\/vc_column_inner][\/vc_row_inner][\/vc_column][vc_column width=\u00a0\u00bb1\/12&Prime;][\/vc_column][\/vc_row][vc_row css_animation=\u00a0\u00bb\u00a0\u00bb row_type=\u00a0\u00bbrow\u00a0\u00bb use_row_as_full_screen_section=\u00a0\u00bbno\u00a0\u00bb type=\u00a0\u00bbfull_width\u00a0\u00bb angled_section=\u00a0\u00bbno\u00a0\u00bb text_align=\u00a0\u00bbleft\u00a0\u00bb background_image_as_pattern=\u00a0\u00bbwithout_pattern\u00a0\u00bb padding_top=\u00a0\u00bb30&Prime; z_index=\u00a0\u00bb\u00a0\u00bb][vc_column width=\u00a0\u00bb1\/12&Prime;][\/vc_column][vc_column width=\u00a0\u00bb10\/12&Prime;][vc_row_inner row_type=\u00a0\u00bbrow\u00a0\u00bb type=\u00a0\u00bbfull_width\u00a0\u00bb text_align=\u00a0\u00bbleft\u00a0\u00bb css_animation=\u00a0\u00bb\u00a0\u00bb][vc_column_inner width=\u00a0\u00bb1\/3&Prime;][vc_column_text]<a href=\"https:\/\/www.solomostradores.com\/fr\/comptoirs-de-pret-a-porter\/\"><img loading=\"lazy\" decoding=\"async\" class=\"size-full wp-image-16389\" title=\"Comptoir de pr\u00eat-\u00e0-porter\" src=\"https:\/\/www.solomostradores.com\/wp-content\/uploads\/2019\/03\/mostradores-para-tiendas-de-ropa-online.jpg\" alt=\"comptoir-de-pr\u00eat-\u00e0-porter\" width=\"350\" height=\"220\" srcset=\"https:\/\/www.solomostradores.com\/wp-content\/uploads\/2019\/03\/mostradores-para-tiendas-de-ropa-online.jpg 350w, https:\/\/www.solomostradores.com\/wp-content\/uploads\/2019\/03\/mostradores-para-tiendas-de-ropa-online-300x189.jpg 300w\" sizes=\"(max-width: 350px) 100vw, 350px\" \/><\/a>[\/vc_column_text][\/vc_column_inner][vc_column_inner width=\u00a0\u00bb2\/3&Prime;][vc_column_text]<\/p>\n<h2><a href=\"https:\/\/www.solomostradores.com\/fr\/comptoirs-de-pret-a-porter\/\">COMPTOIRS DE PR\u00caT-\u00c0-PORTER<\/a><\/h2>\n<p>&nbsp;<\/p>\n<p style=\"text-align: justify;\">Obtenez un nouveau look adapt\u00e9 \u00e0 votre boutique de pr\u00eat-\u00e0-porter ou de chaussures gr\u00e2ce \u00e0 nos comptoirs et accessoires d\u00e9di\u00e9s \u00e0 l\u2019univers de la mode.<\/p>\n<p>[\/vc_column_text][\/vc_column_inner][\/vc_row_inner][\/vc_column][vc_column width=\u00a0\u00bb1\/12&Prime;][\/vc_column][\/vc_row][vc_row css_animation=\u00a0\u00bb\u00a0\u00bb row_type=\u00a0\u00bbrow\u00a0\u00bb use_row_as_full_screen_section=\u00a0\u00bbno\u00a0\u00bb type=\u00a0\u00bbfull_width\u00a0\u00bb angled_section=\u00a0\u00bbno\u00a0\u00bb text_align=\u00a0\u00bbleft\u00a0\u00bb background_image_as_pattern=\u00a0\u00bbwithout_pattern\u00a0\u00bb padding_top=\u00a0\u00bb30&Prime; z_index=\u00a0\u00bb\u00a0\u00bb][vc_column width=\u00a0\u00bb1\/12&Prime;][\/vc_column][vc_column width=\u00a0\u00bb10\/12&Prime;][vc_row_inner row_type=\u00a0\u00bbrow\u00a0\u00bb type=\u00a0\u00bbfull_width\u00a0\u00bb text_align=\u00a0\u00bbleft\u00a0\u00bb css_animation=\u00a0\u00bb\u00a0\u00bb][vc_column_inner width=\u00a0\u00bb1\/3&Prime;][vc_column_text]<a href=\"https:\/\/www.solomostradores.com\/fr\/comptoirs-de-bijouteries\/\"><img loading=\"lazy\" decoding=\"async\" class=\"size-full wp-image-16387\" title=\"Comptoir de bijouteries\" src=\"https:\/\/www.solomostradores.com\/wp-content\/uploads\/2019\/03\/mostradores-para-joyeria-online.jpg\" alt=\"comptoir-de-bijouteries\" width=\"350\" height=\"220\" srcset=\"https:\/\/www.solomostradores.com\/wp-content\/uploads\/2019\/03\/mostradores-para-joyeria-online.jpg 350w, https:\/\/www.solomostradores.com\/wp-content\/uploads\/2019\/03\/mostradores-para-joyeria-online-300x189.jpg 300w\" sizes=\"(max-width: 350px) 100vw, 350px\" \/><\/a>[\/vc_column_text][\/vc_column_inner][vc_column_inner width=\u00a0\u00bb2\/3&Prime;][vc_column_text]<\/p>\n<h2><a href=\"https:\/\/www.solomostradores.com\/fr\/comptoirs-de-bijouteries\/\">COMPTOIRS DE BIJOUTERIES<\/a><\/h2>\n<p>&nbsp;<\/p>\n<p style=\"text-align: justify;\">Finitions \u00e9l\u00e9gantes, modernes et contemporaines, nos comptoirs pour bijouteries b\u00e9n\u00e9ficient d\u2019une r\u00e9sistance \u00e9lev\u00e9e tout en offrant une exposition diff\u00e9rente et originale.<\/p>\n<p>[\/vc_column_text][\/vc_column_inner][\/vc_row_inner][\/vc_column][vc_column width=\u00a0\u00bb1\/12&Prime;][\/vc_column][\/vc_row][vc_row css_animation=\u00a0\u00bb\u00a0\u00bb row_type=\u00a0\u00bbrow\u00a0\u00bb use_row_as_full_screen_section=\u00a0\u00bbno\u00a0\u00bb type=\u00a0\u00bbfull_width\u00a0\u00bb angled_section=\u00a0\u00bbno\u00a0\u00bb text_align=\u00a0\u00bbleft\u00a0\u00bb background_image_as_pattern=\u00a0\u00bbwithout_pattern\u00a0\u00bb padding_top=\u00a0\u00bb30&Prime; z_index=\u00a0\u00bb\u00a0\u00bb][vc_column width=\u00a0\u00bb1\/12&Prime;][\/vc_column][vc_column width=\u00a0\u00bb10\/12&Prime;][vc_row_inner row_type=\u00a0\u00bbrow\u00a0\u00bb type=\u00a0\u00bbfull_width\u00a0\u00bb text_align=\u00a0\u00bbleft\u00a0\u00bb css_animation=\u00a0\u00bb\u00a0\u00bb][vc_column_inner width=\u00a0\u00bb1\/3&Prime;][vc_column_text]<a href=\"https:\/\/www.solomostradores.com\/fr\/comptoirs-pour-les-centres-de-beaute-de-coiffure-et-de-cosmetique\/\"><img loading=\"lazy\" decoding=\"async\" class=\"alignright size-full wp-image-16385\" title=\"Comptoir pour les centres de beaut\u00e9, de coiffure et cosm\u00e9tique\" src=\"https:\/\/www.solomostradores.com\/wp-content\/uploads\/2019\/03\/mostradores-para-centros-de-belleza-peluqueria-cosmetica.jpg\" alt=\"COMPTOIR POUR LES CENTRES DE BEAUT\u00c9, DE COIFFURE ET DE COSM\u00c9TIQUE  \" width=\"350\" height=\"220\" srcset=\"https:\/\/www.solomostradores.com\/wp-content\/uploads\/2019\/03\/mostradores-para-centros-de-belleza-peluqueria-cosmetica.jpg 350w, https:\/\/www.solomostradores.com\/wp-content\/uploads\/2019\/03\/mostradores-para-centros-de-belleza-peluqueria-cosmetica-300x189.jpg 300w\" sizes=\"(max-width: 350px) 100vw, 350px\" \/><\/a>[\/vc_column_text][\/vc_column_inner][vc_column_inner width=\u00a0\u00bb2\/3&Prime;][vc_column_text]<\/p>\n<h2><a href=\"https:\/\/www.solomostradores.com\/fr\/comptoirs-pour-les-centres-de-beaute-de-coiffure-et-de-cosmetique\/\">COMPTOIRS POUR INSTITUTS BEAUT\u00c9, COMPTOIR POUR LES CENTRES DE BEAUT\u00c9, DE COIFFURE ET DE COSM\u00c9TIQUE<\/a><\/h2>\n<p>&nbsp;<\/p>\n<p style=\"text-align: justify;\">L&rsquo;innovation des centres de beaut\u00e9 traditionnels et des salons de coiffure. Obtenez un look diff\u00e9rent et original avec nos comptoirs et accessoires pour instittus beaut\u00e9, salons de coiffure et magasins de cosm\u00e9tiques.<\/p>\n<p>[\/vc_column_text][\/vc_column_inner][\/vc_row_inner][\/vc_column][vc_column width=\u00a0\u00bb1\/12&Prime;][\/vc_column][\/vc_row][vc_row css_animation=\u00a0\u00bb\u00a0\u00bb row_type=\u00a0\u00bbrow\u00a0\u00bb use_row_as_full_screen_section=\u00a0\u00bbno\u00a0\u00bb type=\u00a0\u00bbfull_width\u00a0\u00bb angled_section=\u00a0\u00bbno\u00a0\u00bb text_align=\u00a0\u00bbleft\u00a0\u00bb background_image_as_pattern=\u00a0\u00bbwithout_pattern\u00a0\u00bb padding_top=\u00a0\u00bb30&Prime; z_index=\u00a0\u00bb\u00a0\u00bb][vc_column width=\u00a0\u00bb1\/12&Prime;][\/vc_column][vc_column width=\u00a0\u00bb10\/12&Prime;][vc_row_inner row_type=\u00a0\u00bbrow\u00a0\u00bb type=\u00a0\u00bbfull_width\u00a0\u00bb text_align=\u00a0\u00bbleft\u00a0\u00bb css_animation=\u00a0\u00bb\u00a0\u00bb][vc_column_inner width=\u00a0\u00bb1\/3&Prime;][vc_column_text]<a href=\"https:\/\/www.solomostradores.com\/fr\/comptoirs-de-receptions-de-hotel\/\"><img loading=\"lazy\" decoding=\"async\" class=\"alignnone\" title=\"Comptoirs pour r\u00e9ceptions d'h\u00f4tels\" src=\"https:\/\/www.solomostradores.com\/wp-content\/uploads\/2019\/03\/mostradoores-para-recepciones-de-hotel-online.jpg\" alt=\"comptoirs-pour-r\u00e9ceptions-d'h\u00f4tels\" width=\"350\" height=\"220\" \/><\/a>[\/vc_column_text][\/vc_column_inner][vc_column_inner width=\u00a0\u00bb2\/3&Prime;][vc_column_text]<\/p>\n<h2><a href=\"https:\/\/www.solomostradores.com\/fr\/comptoirs-de-receptions-de-hotel\/\">COMPTOIRS POUR R\u00c9CEPTIONS D&rsquo;H\u00d4TELS<\/a><\/h2>\n<p>&nbsp;<\/p>\n<p style=\"text-align: justify;\">Avec nos comptoirs de r\u00e9ception d&rsquo;h\u00f4tel vous obtiendrez cette atmosph\u00e8re agr\u00e9able et s\u00e9duisante indispensable dans toute zone de r\u00e9ception<\/p>\n<p>[\/vc_column_text][\/vc_column_inner][\/vc_row_inner][\/vc_column][vc_column width=\u00a0\u00bb1\/12&Prime;][\/vc_column][\/vc_row]<\/p>\n","protected":false},"excerpt":{"rendered":"<p>[vc_row css_animation=\u00a0\u00bb\u00a0\u00bb row_type=\u00a0\u00bbrow\u00a0\u00bb use_row_as_full_screen_section=\u00a0\u00bbno\u00a0\u00bb type=\u00a0\u00bbfull_width\u00a0\u00bb angled_section=\u00a0\u00bbno\u00a0\u00bb text_align=\u00a0\u00bbleft\u00a0\u00bb background_image_as_pattern=\u00a0\u00bbwithout_pattern\u00a0\u00bb padding_top=\u00a0\u00bb30&Prime; z_index=\u00a0\u00bb\u00a0\u00bb][vc_column width=\u00a0\u00bb1\/12&Prime;][\/vc_column][vc_column width=\u00a0\u00bb10\/12&Prime;][vc_row_inner row_type=\u00a0\u00bbrow\u00a0\u00bb type=\u00a0\u00bbfull_width\u00a0\u00bb text_align=\u00a0\u00bbleft\u00a0\u00bb css_animation=\u00a0\u00bb\u00a0\u00bb][vc_column_inner width=\u00a0\u00bb1\/3&Prime;][vc_column_text][\/vc_column_text][\/vc_column_inner][vc_column_inner width=\u00a0\u00bb2\/3&Prime;][vc_column_text] COMPTOIRS POUR PHARMACIES &nbsp; De couleur blanche et ton bois, design classique, courbe ou contemporain. D\u00e9couvrez le comptoir pour pharmacie qui s\u2019adapte le mieux \u00e0 votre projet&#8230;.<\/p>\n","protected":false},"author":4,"featured_media":0,"parent":0,"menu_order":0,"comment_status":"closed","ping_status":"closed","template":"full_width.php","meta":{"footnotes":""},"aioseo_notices":[],"_links":{"self":[{"href":"https:\/\/www.solomostradores.com\/fr\/wp-json\/wp\/v2\/pages\/16172"}],"collection":[{"href":"https:\/\/www.solomostradores.com\/fr\/wp-json\/wp\/v2\/pages"}],"about":[{"href":"https:\/\/www.solomostradores.com\/fr\/wp-json\/wp\/v2\/types\/page"}],"author":[{"embeddable":true,"href":"https:\/\/www.solomostradores.com\/fr\/wp-json\/wp\/v2\/users\/4"}],"replies":[{"embeddable":true,"href":"https:\/\/www.solomostradores.com\/fr\/wp-json\/wp\/v2\/comments?post=16172"}],"version-history":[{"count":9,"href":"https:\/\/www.solomostradores.com\/fr\/wp-json\/wp\/v2\/pages\/16172\/revisions"}],"predecessor-version":[{"id":16560,"href":"https:\/\/www.solomostradores.com\/fr\/wp-json\/wp\/v2\/pages\/16172\/revisions\/16560"}],"wp:attachment":[{"href":"https:\/\/www.solomostradores.com\/fr\/wp-json\/wp\/v2\/media?parent=16172"}],"curies":[{"name":"wp","href":"https:\/\/api.w.org\/{rel}","templated":true}]}}