{"id":16498,"date":"2019-03-28T15:21:39","date_gmt":"2019-03-28T15:21:39","guid":{"rendered":"https:\/\/www.solomostradores.com\/?page_id=16498"},"modified":"2025-08-01T07:17:31","modified_gmt":"2025-08-01T07:17:31","slug":"politique-relative-aux-cookies","status":"publish","type":"page","link":"https:\/\/www.solomostradores.com\/fr\/politique-relative-aux-cookies\/","title":{"rendered":"Politique relative aux cookies"},"content":{"rendered":"<p>[vc_row css_animation=\u00a0\u00bb\u00a0\u00bb row_type=\u00a0\u00bbrow\u00a0\u00bb use_row_as_full_screen_section=\u00a0\u00bbno\u00a0\u00bb type=\u00a0\u00bbfull_width\u00a0\u00bb angled_section=\u00a0\u00bbno\u00a0\u00bb text_align=\u00a0\u00bbleft\u00a0\u00bb background_image_as_pattern=\u00a0\u00bbwithout_pattern\u00a0\u00bb][vc_column][vc_column_text]<strong>POLITIQUE EN MATI\u00c8RE DE COOKIES<\/strong><br \/>\nDate de la derni\u00e8re mise \u00e0 jour : 20\/05\/2024<\/p>\n<p><strong>QUE SONT LES COOKIES ?<\/strong><br \/>\nLes cookies sont de petits fichiers install\u00e9s sur le disque dur ou le navigateur de votre ordinateur, tablette, smartphone ou appareil similaire avec des fonctions de navigation Internet. Ils permettent notamment de personnaliser les services du responsable du site, de faciliter la navigation et l&rsquo;utilisabilit\u00e9 du site, de recueillir des informations agr\u00e9g\u00e9es sur les visiteurs du site, de permettre la lecture et l&rsquo;affichage de contenu multim\u00e9dia sur le site, d&rsquo;activer des \u00e9l\u00e9ments d&rsquo;interaction entre l&rsquo;utilisateur et le site, d&rsquo;activer des outils de s\u00e9curit\u00e9, etc.<\/p>\n<p><strong>D\u00c9FINITIONS UTILIS\u00c9ES DANS CETTE POLITIQUE DE COOKIES<\/strong><\/p>\n<ul>\n<li><strong>Donn\u00e9e<\/strong> : Il s&rsquo;agit des informations obtenues par le biais de l&rsquo;appareil terminal de l&rsquo;utilisateur via un dispositif de stockage et de r\u00e9cup\u00e9ration de donn\u00e9es (cookies ou autres). Les donn\u00e9es sont consid\u00e9r\u00e9es comme personnelles lorsqu&rsquo;elles concernent des personnes physiques identifi\u00e9es ou identifiables, conform\u00e9ment \u00e0 l&rsquo;article 4 du RGPD.<\/li>\n<li><strong>Information agr\u00e9g\u00e9e<\/strong> : Information non nominative, g\u00e9n\u00e9ralement num\u00e9rique, utilis\u00e9e pour fournir des informations statistiques.<\/li>\n<li><strong>Appareil terminal<\/strong> : Dispositif \u00e0 partir duquel l&rsquo;utilisateur acc\u00e8de au service, comme un ordinateur personnel, un t\u00e9l\u00e9phone mobile, une tablette, etc., et \u00e0 partir duquel les informations sont obtenues.<\/li>\n<li><strong>Service de la soci\u00e9t\u00e9 de l&rsquo;information<\/strong> : Tout service fourni \u00e0 la demande individuelle d&rsquo;un utilisateur, \u00e0 titre on\u00e9reux ou non, \u00e0 distance et par voie \u00e9lectronique, \u00e0 condition que, pour les besoins de ce guide, il constitue une activit\u00e9 \u00e9conomique pour l&rsquo;\u00e9diteur dont la prestation entra\u00eene l&rsquo;utilisation des cookies.<\/li>\n<li><strong>\u00c9diteur<\/strong> : Responsable ou propri\u00e9taire du site web.<\/li>\n<li><strong>Tiers<\/strong> : Entit\u00e9 externe, collaborateur, prestataire de services ou li\u00e9e \u00e0 l&rsquo;\u00e9diteur, intervenant dans la gestion de certains cookies.<\/li>\n<li><strong>Responsable du cookie<\/strong> : L&rsquo;\u00e9diteur, responsable, propri\u00e9taire du site web ou, dans certains cas, le tiers.<\/li>\n<li><strong>Habitudes de navigation<\/strong> : Tendances montr\u00e9es par l&rsquo;utilisateur lorsqu&rsquo;il navigue sur un site web, telles que le temps pass\u00e9 sur la page, les parties visit\u00e9es, les sections les plus fr\u00e9quentes, l&rsquo;origine de la visite, la destination de la visite, entre autres.<\/li>\n<\/ul>\n<p><strong>QUELS TYPES DE COOKIES EXISTENT ?<\/strong><br \/>\nSelon l&rsquo;entit\u00e9 qui les g\u00e8re :<\/p>\n<ul>\n<li><strong>Cookies propres<\/strong> : Ce sont ceux envoy\u00e9s au terminal de l&rsquo;utilisateur depuis un \u00e9quipement ou un domaine g\u00e9r\u00e9 par l&rsquo;\u00e9diteur lui-m\u00eame et \u00e0 partir duquel le service demand\u00e9 par l&rsquo;utilisateur est fourni.<\/li>\n<li><strong>Cookies tiers<\/strong> : Ce sont ceux envoy\u00e9s au terminal de l&rsquo;utilisateur depuis un \u00e9quipement ou un domaine non g\u00e9r\u00e9 par l&rsquo;\u00e9diteur, mais par une autre entit\u00e9 qui traite les donn\u00e9es obtenues via les cookies.<\/li>\n<\/ul>\n<p>Selon la dur\u00e9e pendant laquelle ils restent actifs sur le terminal :<\/p>\n<ul>\n<li><strong>Cookies de session<\/strong> : Ce sont ceux con\u00e7us pour collecter et stocker des donn\u00e9es pendant que l&rsquo;utilisateur acc\u00e8de \u00e0 un site web. Ils sont g\u00e9n\u00e9ralement utilis\u00e9s pour stocker des informations qui ne sont n\u00e9cessaires qu&rsquo;une seule fois pour fournir le service demand\u00e9 par l&rsquo;utilisateur (par exemple, une liste de produits achet\u00e9s) et disparaissent \u00e0 la fin de la session.<\/li>\n<li><strong>Cookies persistants<\/strong> : Ce sont ceux o\u00f9 les donn\u00e9es restent stock\u00e9es sur le terminal et peuvent \u00eatre acc\u00e9d\u00e9es et trait\u00e9es pendant une p\u00e9riode d\u00e9finie par le responsable du cookie, allant de quelques minutes \u00e0 plusieurs ann\u00e9es.<\/li>\n<\/ul>\n<p>Selon l&rsquo;objectif pour lequel les donn\u00e9es obtenues via les cookies sont trait\u00e9es :<\/p>\n<ul>\n<li><strong>Cookies techniques<\/strong> : Ce sont ceux qui permettent \u00e0 l&rsquo;utilisateur de naviguer sur un site web, une plateforme ou une application et d&rsquo;utiliser les diff\u00e9rentes options ou services disponibles, y compris ceux utilis\u00e9s par l&rsquo;\u00e9diteur pour permettre la gestion et l&rsquo;op\u00e9ration du site web et activer ses fonctions et services, tels que contr\u00f4ler le trafic et la communication des donn\u00e9es, identifier la session, acc\u00e9der \u00e0 des parties restreintes, se souvenir des \u00e9l\u00e9ments d&rsquo;une commande, effectuer le processus d&rsquo;achat, g\u00e9rer le paiement, contr\u00f4ler la fraude li\u00e9e \u00e0 la s\u00e9curit\u00e9 du service, traiter l&rsquo;inscription ou la participation \u00e0 un \u00e9v\u00e9nement, compter les visites \u00e0 des fins de facturation des licences du logiciel avec lequel fonctionne le service (site web, plateforme ou application), utiliser des \u00e9l\u00e9ments de s\u00e9curit\u00e9 pendant la navigation, stocker des contenus pour la diffusion de vid\u00e9os ou de sons, activer des contenus dynamiques (par exemple, animation de chargement d&rsquo;un texte ou d&rsquo;une image) ou partager des contenus via des r\u00e9seaux sociaux. Cette cat\u00e9gorie comprend \u00e9galement, en raison de leur nature technique, les cookies qui permettent une gestion efficace des espaces publicitaires int\u00e9gr\u00e9s par l&rsquo;\u00e9diteur dans un site web, une application ou une plateforme en fonction de crit\u00e8res tels que le contenu \u00e9dit\u00e9, sans recueillir d&rsquo;informations sur les utilisateurs \u00e0 d&rsquo;autres fins, comme la personnalisation de ce contenu publicitaire ou d&rsquo;autres contenus.<\/li>\n<li><strong>Cookies de pr\u00e9f\u00e9rences ou de personnalisation<\/strong> : Ce sont ceux qui permettent de se souvenir des informations pour que l&rsquo;utilisateur acc\u00e8de au service avec des caract\u00e9ristiques sp\u00e9cifiques pouvant diff\u00e9rencier son exp\u00e9rience de celle d&rsquo;autres utilisateurs, telles que la langue, le nombre de r\u00e9sultats \u00e0 afficher lors d&rsquo;une recherche, l&rsquo;apparence ou le contenu du service en fonction du type de navigateur utilis\u00e9 pour acc\u00e9der au service ou de la r\u00e9gion d&rsquo;acc\u00e8s, etc.<\/li>\n<li><strong>Cookies d&rsquo;analyse ou de mesure<\/strong> : Ce sont ceux qui permettent au responsable de suivre et d&rsquo;analyser le comportement des utilisateurs des sites web auxquels ils sont li\u00e9s, y compris la quantification des impacts des annonces. Les informations collect\u00e9es \u00e0 l&rsquo;aide de ces cookies sont utilis\u00e9es pour mesurer l&rsquo;activit\u00e9 des sites web, des applications ou des plateformes, afin d&rsquo;apporter des am\u00e9liorations bas\u00e9es sur l&rsquo;analyse des donn\u00e9es d&rsquo;utilisation par les utilisateurs du service.<\/li>\n<li><strong>Cookies publicitaires<\/strong> : Ce sont ceux qui permettent une gestion efficace des espaces publicitaires int\u00e9gr\u00e9s par l&rsquo;\u00e9diteur dans un site web, une application ou une plateforme en fonction de crit\u00e8res tels que le contenu \u00e9dit\u00e9 ou la fr\u00e9quence d&rsquo;affichage des annonces.<\/li>\n<li><strong>Cookies de publicit\u00e9 comportementale<\/strong> : Ce sont ceux qui permettent une gestion efficace des espaces publicitaires int\u00e9gr\u00e9s par l&rsquo;\u00e9diteur dans un site web, une application ou une plateforme en fonction de crit\u00e8res tels que le comportement des utilisateurs. Ces cookies stockent des informations sur le comportement des utilisateurs obtenues par l&rsquo;observation continue de leurs habitudes de navigation, ce qui permet de cr\u00e9er un profil sp\u00e9cifique pour afficher des publicit\u00e9s en fonction de ce profil.<\/li>\n<\/ul>\n<p><strong>CONCR\u00c8TEMENT, QUELS COOKIES UTILISONS-NOUS ?<\/strong><\/p>\n<table class=\"wp-table\" width=\"100%\" cellspacing=\"0\" cellpadding=\"8\">\n<tbody>\n<tr>\n<td><strong>Nom du cookie<\/strong><\/td>\n<td><strong>Domaine<\/strong><\/td>\n<td><strong>Type de cookie<\/strong><\/td>\n<td><strong>Dur\u00e9e<\/strong><\/td>\n<td><strong>Description<\/strong><\/td>\n<td><strong>Transfert international<\/strong><\/td>\n<\/tr>\n<tr>\n<td>_GRECAPTCHA<\/td>\n<td><a href=\"http:\/\/www.google.com\/\">www.google.com<\/a><\/td>\n<td>Tiers<\/td>\n<td>6 mois<\/td>\n<td>Google reCAPTCHA d\u00e9finit un cookie n\u00e9cessaire (_GRECAPTCHA) lorsqu&rsquo;il est ex\u00e9cut\u00e9 dans le but de fournir son analyse des risques.<\/td>\n<td>Oui<\/td>\n<\/tr>\n<\/tbody>\n<\/table>\n<p>&nbsp;<\/p>\n<p>&nbsp;<\/p>\n<p><strong>POLITIQUE EN MATI\u00c8RE DE COOKIES<\/strong><\/p>\n<p>\u00c0 l&rsquo;aide de ces cookies, aucun profil des utilisateurs naviguant sur le site n&rsquo;est \u00e9labor\u00e9, et par cons\u00e9quent, aucune d\u00e9cision automatis\u00e9e bas\u00e9e sur ces donn\u00e9es n&rsquo;est prise.<\/p>\n<p>Vous pouvez vous renseigner sur les transferts vers des pays tiers r\u00e9alis\u00e9s, le cas \u00e9ch\u00e9ant, par les tiers identifi\u00e9s dans cette politique de cookies, ainsi que sur les risques associ\u00e9s \u00e0 ces transferts conform\u00e9ment \u00e0 leurs propres politiques ext\u00e9rieures \u00e0 ce site, en acc\u00e9dant \u00e0 leurs politiques de cookies respectives fournies dans le tableau ci-dessus.<\/p>\n<p>Vous pouvez accepter, refuser ou r\u00e9voquer le consentement pour l&rsquo;utilisation des cookies d\u00e9crits dans cette politique via le configurateur de cookies disponible dans l&rsquo;avis initial d&rsquo;utilisation des cookies lorsque vous acc\u00e9dez \u00e0 la page principale, mais vous pouvez \u00e9galement d\u00e9sactiver ou supprimer les cookies pr\u00e9c\u00e9demment accept\u00e9s via les param\u00e8tres de votre navigateur Internet. Les navigateurs les plus populaires sont indiqu\u00e9s dans cette m\u00eame politique de cookies.<\/p>\n<p><strong>COMMENT D\u00c9SACTIVER LES COOKIES ?<\/strong><br \/>\nLe blocage ou la d\u00e9sactivation de tous les cookies aide \u00e0 prot\u00e9ger la vie priv\u00e9e, mais peut \u00e9galement limiter l&rsquo;exp\u00e9rience sur certains sites web, ainsi que limiter les fonctionnalit\u00e9s ou m\u00eame emp\u00eacher une navigation correcte ou l&rsquo;utilisation de certains services.<\/p>\n<p>Vous pouvez activer ou d\u00e9sactiver les cookies d\u00e9crits pr\u00e9c\u00e9demment (\u00e0 l&rsquo;exception des cookies techniques, qui sont n\u00e9cessaires au bon fonctionnement) via le configurateur disponible dans l&rsquo;avis d&rsquo;utilisation des cookies, lors de l&rsquo;acc\u00e8s \u00e0 notre page principale. Notez que si vous acceptez les cookies de tiers, vous devrez les supprimer depuis les options de votre navigateur ou depuis le syst\u00e8me propos\u00e9 par le tiers lui-m\u00eame.<\/p>\n<p>De m\u00eame, si vous souhaitez savoir comment d\u00e9sactiver les cookies dans les navigateurs web les plus populaires, consultez les tutoriels suivants :<\/p>\n<ul>\n<li>Google Chrome<\/li>\n<li>Mozilla Firefox<\/li>\n<li>Microsoft Edge<\/li>\n<li>Safari<\/li>\n<li>Chrome pour Android<\/li>\n<li>Opera<\/li>\n<\/ul>\n<p>Si vous avez des questions ou des doutes concernant cette politique de cookies, vous pouvez nous contacter via les moyens de contact disponibles sur notre site web.<\/p>\n<p>Pour des informations compl\u00e8tes et sp\u00e9cifiques sur la protection des donn\u00e9es personnelles, veuillez consulter notre politique de confidentialit\u00e9.[\/vc_column_text][\/vc_column][\/vc_row]<\/p>\n","protected":false},"excerpt":{"rendered":"<p>[vc_row css_animation=\u00a0\u00bb\u00a0\u00bb row_type=\u00a0\u00bbrow\u00a0\u00bb use_row_as_full_screen_section=\u00a0\u00bbno\u00a0\u00bb type=\u00a0\u00bbfull_width\u00a0\u00bb angled_section=\u00a0\u00bbno\u00a0\u00bb text_align=\u00a0\u00bbleft\u00a0\u00bb background_image_as_pattern=\u00a0\u00bbwithout_pattern\u00a0\u00bb][vc_column][vc_column_text]POLITIQUE EN MATI\u00c8RE DE COOKIES Date de la derni\u00e8re mise \u00e0 jour : 20\/05\/2024 QUE SONT LES COOKIES ? Les cookies sont de petits fichiers install\u00e9s sur le disque dur ou le navigateur de votre ordinateur, tablette, smartphone&#8230;<\/p>\n","protected":false},"author":3,"featured_media":0,"parent":0,"menu_order":0,"comment_status":"closed","ping_status":"closed","template":"","meta":{"footnotes":""},"aioseo_notices":[],"_links":{"self":[{"href":"https:\/\/www.solomostradores.com\/fr\/wp-json\/wp\/v2\/pages\/16498"}],"collection":[{"href":"https:\/\/www.solomostradores.com\/fr\/wp-json\/wp\/v2\/pages"}],"about":[{"href":"https:\/\/www.solomostradores.com\/fr\/wp-json\/wp\/v2\/types\/page"}],"author":[{"embeddable":true,"href":"https:\/\/www.solomostradores.com\/fr\/wp-json\/wp\/v2\/users\/3"}],"replies":[{"embeddable":true,"href":"https:\/\/www.solomostradores.com\/fr\/wp-json\/wp\/v2\/comments?post=16498"}],"version-history":[{"count":13,"href":"https:\/\/www.solomostradores.com\/fr\/wp-json\/wp\/v2\/pages\/16498\/revisions"}],"predecessor-version":[{"id":16962,"href":"https:\/\/www.solomostradores.com\/fr\/wp-json\/wp\/v2\/pages\/16498\/revisions\/16962"}],"wp:attachment":[{"href":"https:\/\/www.solomostradores.com\/fr\/wp-json\/wp\/v2\/media?parent=16498"}],"curies":[{"name":"wp","href":"https:\/\/api.w.org\/{rel}","templated":true}]}}