{"id":16944,"date":"2024-09-03T13:05:30","date_gmt":"2024-09-03T13:05:30","guid":{"rendered":"https:\/\/www.solomostradores.com\/politica-de-privacidad\/"},"modified":"2024-09-03T13:14:07","modified_gmt":"2024-09-03T13:14:07","slug":"politica-de-privacidad","status":"publish","type":"page","link":"https:\/\/www.solomostradores.com\/fr\/politica-de-privacidad\/","title":{"rendered":"Politique de confidencialit\u00e9"},"content":{"rendered":"<p><strong>POLITIQUE DE CONFIDENTIALIT\u00c9 DE <\/strong><a href=\"https:\/\/www.solomostradores.com\/\"><strong>https:\/\/www.solomostradores.com\/<\/strong><\/a><\/p>\n<p>La pr\u00e9sente Politique de Confidentialit\u00e9 a \u00e9t\u00e9 d\u00e9velopp\u00e9e en tenant compte des dispositions du R\u00e8glement 2016\/679 du Parlement Europ\u00e9en et du Conseil du 27 avril 2016 relatif \u00e0 la protection des personnes physiques \u00e0 l&rsquo;\u00e9gard du traitement des donn\u00e9es \u00e0 caract\u00e8re personnel et \u00e0 la libre circulation de ces donn\u00e9es, ci-apr\u00e8s RGPD, ainsi que de la Loi Organique 3\/2018 du 5 d\u00e9cembre sur la Protection des Donn\u00e9es et les droits num\u00e9riques (ci-apr\u00e8s, LOPDGDD) et d&rsquo;autres r\u00e9glementations applicables.<\/p>\n<p>Cette Politique de Confidentialit\u00e9 vise \u00e0 informer les personnes physiques qui fournissent leurs donn\u00e9es personnelles, et\/ou celles de la personne qu&rsquo;elles repr\u00e9sentent, sur lesquelles des informations sont recueillies, sur les aspects sp\u00e9cifiques relatifs au traitement de leurs donn\u00e9es, les finalit\u00e9s des traitements, les coordonn\u00e9es pour exercer les droits qui leur sont conf\u00e9r\u00e9s, les d\u00e9lais de conservation des informations et les mesures de s\u00e9curit\u00e9, entre autres.<\/p>\n<p><strong>QUI EST RESPONSABLE DU TRAITEMENT ?<\/strong><\/p>\n<p>En termes de protection des donn\u00e9es, INTERNET RETAIL COMPANY, S.L doit \u00eatre consid\u00e9r\u00e9 comme Responsable du Traitement, en ce qui concerne les traitements de donn\u00e9es \u00e0 caract\u00e8re personnel effectu\u00e9s par cette entit\u00e9. Ci-dessous les coordonn\u00e9es du Responsable du Traitement :<\/p>\n<ul>\n<li>Identit\u00e9 du responsable : INTERNET RETAIL COMPANY, S.L<\/li>\n<li>NIF : B12046926<\/li>\n<li>Adresse physique : P.I. V\u00cdA EUROPA. C\/ POBLA TORNESA, NAVE 5, APTO CORREOS 137, 12550, ALMAZORA\/ALMASSORA, CASTELL\u00d3N<\/li>\n<li>E-mail : info@inretailshop.com<\/li>\n<li>T\u00e9l\u00e9phone : 964 62 65 15<\/li>\n<\/ul>\n<p><strong>QUELLES DONN\u00c9ES PERSONNELLES TRAITONS-NOUS ?<\/strong><\/p>\n<p>Toutes les informations recueillies par INTERNET RETAIL COMPANY, S.L seront trait\u00e9es de mani\u00e8re \u00e9quitable, licite et transparente. De plus, les donn\u00e9es demand\u00e9es dans chacune des op\u00e9rations de traitement effectu\u00e9es consisteront uniquement en celles strictement n\u00e9cessaires pour atteindre la finalit\u00e9 pr\u00e9vue et inform\u00e9e dans chaque cas. De cette mani\u00e8re, les donn\u00e9es recueillies seront ad\u00e9quates, pertinentes et non excessives par rapport aux finalit\u00e9s pour lesquelles elles sont trait\u00e9es dans chaque cas. De plus, vos donn\u00e9es personnelles seront recueillies pour des finalit\u00e9s d\u00e9termin\u00e9es, explicites et l\u00e9gitimes, et ne seront pas trait\u00e9es ult\u00e9rieurement de mani\u00e8re incompatible avec ces finalit\u00e9s. Elles seront \u00e9galement mises \u00e0 jour chaque fois que n\u00e9cessaire.<\/p>\n<p>En termes g\u00e9n\u00e9raux, dans le cadre des diff\u00e9rentes activit\u00e9s de traitement effectu\u00e9es par l&rsquo;organisation, les types de donn\u00e9es suivants sont recueillis :<\/p>\n<ul>\n<li>Donn\u00e9es d&rsquo;identification.<\/li>\n<\/ul>\n<p><strong>D&rsquo;O\u00d9 PROVIENNENT LES DONN\u00c9ES PERSONNELLES ?<\/strong><\/p>\n<p>En r\u00e8gle g\u00e9n\u00e9rale, les donn\u00e9es personnelles sont toujours recueillies directement aupr\u00e8s de leur titulaire, cependant, dans certaines exceptions, les donn\u00e9es peuvent \u00eatre recueillies via des tiers, des entit\u00e9s ou des services autres que la personne concern\u00e9e. \u00c0 cet \u00e9gard, cela sera port\u00e9 \u00e0 la connaissance de la personne concern\u00e9e par les clauses informatives contenues dans les diff\u00e9rents moyens de collecte des informations et dans un d\u00e9lai raisonnable ou lors de la premi\u00e8re communication r\u00e9alis\u00e9e \u00e0 la personne concern\u00e9e.<\/p>\n<p><strong>\u00c0 QUELLE FIN TRAITONS-NOUS LES DONN\u00c9ES PERSONNELLES ?<\/strong><\/p>\n<p>En termes g\u00e9n\u00e9raux, les donn\u00e9es personnelles sont trait\u00e9es aux fins suivantes :<\/p>\n<ul>\n<li><strong>Contact :<\/strong> R\u00e9pondre aux demandes d&rsquo;information re\u00e7ues sur les produits et services que nous offrons, ainsi qu&rsquo;\u00e0 toute autre question envoy\u00e9e par les utilisateurs.<\/li>\n<li><strong>Syst\u00e8me d&rsquo;Information Interne (canal de signalement) :<\/strong> Traitement des donn\u00e9es personnelles dans le but de g\u00e9rer le canal de signalement interne ou canal \u00e9thique, d&rsquo;enqu\u00eater sur les faits et de proposer des mesures correctives, de pr\u00e9venir les manquements r\u00e9glementaires et de corriger ceux d\u00e9j\u00e0 d\u00e9tect\u00e9s, ainsi que de contribuer \u00e0 l&rsquo;efficacit\u00e9 du fonctionnement de l&rsquo;Organisation par l&rsquo;am\u00e9lioration continue des processus internes de gestion et de contr\u00f4le des comportements ill\u00e9gaux ou contraires \u00e0 la culture \u00e9thique de l&rsquo;Organisation.<\/li>\n<\/ul>\n<p>Gr\u00e2ce \u00e0 ces traitements, aucun profil des utilisateurs naviguant sur le web n&rsquo;est \u00e9labor\u00e9 et, par cons\u00e9quent, aucune d\u00e9cision automatis\u00e9e n&rsquo;est prise sur la base de ces donn\u00e9es.<\/p>\n<p><strong>QUEL EST LE FONDEMENT L\u00c9GAL POUR LE TRAITEMENT DES DONN\u00c9ES ?<\/strong><\/p>\n<p>En r\u00e8gle g\u00e9n\u00e9rale, le consentement de la personne concern\u00e9e constitue la base juridique pour le traitement des donn\u00e9es conform\u00e9ment aux finalit\u00e9s d\u00e9crites ci-dessus. Ce consentement se manifeste par une d\u00e9claration ou une action affirmative claire, comme la case \u00e0 cocher pr\u00e9vue \u00e0 cet effet, l&rsquo;abonnement volontaire ou l&rsquo;envoi de donn\u00e9es via les formulaires. Ce consentement peut \u00eatre r\u00e9voqu\u00e9 \u00e0 tout moment en contactant la soci\u00e9t\u00e9 par ses moyens de contact et, en g\u00e9n\u00e9ral, nous demanderons votre consentement pour des utilisations \u00e0 des fins autres que celles pour lesquelles il a \u00e9t\u00e9 initialement accord\u00e9.<\/p>\n<p><strong>TRAITEMENT(S) :<\/strong><\/p>\n<ul>\n<li><strong>Syst\u00e8me d&rsquo;Information Interne (canal de signalement) :<\/strong> La finalit\u00e9 du traitement est l\u00e9gitim\u00e9e par une obligation l\u00e9gale : la Loi 2\/2023 du 20 f\u00e9vrier, r\u00e9gulatrice de la protection des personnes qui signalent des infractions r\u00e9glementaires et de la lutte contre la corruption.<\/li>\n<\/ul>\n<p><strong>PENDANT COMBIEN DE TEMPS CONSERVONS-NOUS LES DONN\u00c9ES PERSONNELLES ?<\/strong><\/p>\n<p>En g\u00e9n\u00e9ral, les donn\u00e9es personnelles sont trait\u00e9es pendant le temps n\u00e9cessaire pour atteindre la finalit\u00e9 pour laquelle elles ont \u00e9t\u00e9 recueillies, tant que la prestation de service ou la relation contractuelle est maintenue, qu&rsquo;il existe un int\u00e9r\u00eat mutuel et\/ou pendant la dur\u00e9e pr\u00e9vue par la r\u00e9glementation correspondante. Une fois les crit\u00e8res des d\u00e9lais \u00e9tablis atteints, les donn\u00e9es seront annul\u00e9es. Cette annulation entra\u00eenera le blocage des donn\u00e9es, qui seront conserv\u00e9es uniquement \u00e0 la disposition des Administrations Publiques, des Juges et des Tribunaux, pour r\u00e9pondre aux \u00e9ventuelles responsabilit\u00e9s n\u00e9es du traitement, pendant le d\u00e9lai de prescription de celles-ci. Une fois ce d\u00e9lai \u00e9coul\u00e9, les informations seront d\u00e9truites.<\/p>\n<p>Sp\u00e9cifiquement, pour les traitements indiqu\u00e9s ci-dessous, les donn\u00e9es sont conserv\u00e9es pendant les p\u00e9riodes suivantes :<\/p>\n<ul>\n<li><strong>Syst\u00e8me d&rsquo;Information Interne (canal de signalement) :<\/strong> Les donn\u00e9es seront conserv\u00e9es tant qu&rsquo;elles sont n\u00e9cessaires pour atteindre la finalit\u00e9 pour laquelle elles ont \u00e9t\u00e9 recueillies. En tout cas, trois mois apr\u00e8s l&rsquo;introduction des donn\u00e9es, elles seront supprim\u00e9es du syst\u00e8me de signalement, sauf si la finalit\u00e9 de la conservation est de laisser une trace du fonctionnement du mod\u00e8le de pr\u00e9vention de la commission de d\u00e9lits par la personne morale. Une fois ce d\u00e9lai \u00e9coul\u00e9, les donn\u00e9es peuvent continuer \u00e0 \u00eatre trait\u00e9es par l&rsquo;organisme charg\u00e9 de l&rsquo;enqu\u00eate des faits d\u00e9nonc\u00e9s, mais ne seront pas conserv\u00e9es dans le syst\u00e8me d&rsquo;information des signalements internes.<\/li>\n<\/ul>\n<p><strong>AVEC QUI PARTAGEONS-NOUS LES DONN\u00c9ES PERSONNELLES ?<\/strong><\/p>\n<p>Pour atteindre les finalit\u00e9s d\u00e9crites ci-dessus, les donn\u00e9es personnelles peuvent \u00eatre partag\u00e9es avec :<\/p>\n<ul>\n<li>Entreprises du Groupe.<\/li>\n<li><strong>Syst\u00e8me d&rsquo;Information Interne (canal de signalement) :<\/strong> Les donn\u00e9es personnelles recueillies peuvent \u00eatre communiqu\u00e9es \u00e0 l&rsquo;administration publique comp\u00e9tente en la mati\u00e8re et \u00e0 des tiers lorsque cela est n\u00e9cessaire pour l&rsquo;adoption de mesures disciplinaires ou pour la gestion des proc\u00e9dures judiciaires qui peuvent \u00eatre engag\u00e9es.<\/li>\n<\/ul>\n<p><strong>QUELS DROITS POUVEZ-VOUS EXERCER ?<\/strong><\/p>\n<p>Selon la r\u00e9glementation europ\u00e9enne, les droits qui vous assistent sont les suivants :<\/p>\n<ul>\n<li><strong>Droit d&rsquo;Acc\u00e8s :<\/strong> Le droit de demander au responsable d&rsquo;un fichier si vos donn\u00e9es personnelles sont en cours de traitement.<\/li>\n<li><strong>Droit de Rectification :<\/strong> Le droit qui permet \u00e0 la personne concern\u00e9e de demander la modification de donn\u00e9es inexactes ou incompl\u00e8tes.<\/li>\n<li><strong>Droit d&rsquo;Opposition :<\/strong> Le droit d&rsquo;une personne de s&rsquo;opposer au traitement de ses donn\u00e9es personnelles ou d&rsquo;en demander l&rsquo;arr\u00eat.<\/li>\n<li><strong>Droit de D\u00e9cisions individuelles automatis\u00e9es :<\/strong> Le droit de ne pas faire l&rsquo;objet d&rsquo;une d\u00e9cision bas\u00e9e uniquement sur un traitement automatis\u00e9, y compris le profilage, qui produit des effets juridiques \u00e0 son \u00e9gard ou l&rsquo;affecte de mani\u00e8re significative.<\/li>\n<li><strong>Droit de Limitation :<\/strong> Le droit de suspendre le traitement des donn\u00e9es personnelles de l&rsquo;utilisateur dans certaines circonstances.<\/li>\n<li><strong>Droit de Suppression ou Droit \u00e0 l&rsquo;oubli :<\/strong> Le droit \u00e0 la suppression des donn\u00e9es personnelles de la personne concern\u00e9e.<\/li>\n<li><strong>Droit \u00e0 la Portabilit\u00e9 :<\/strong> Le droit de demander au responsable du traitement de fournir les donn\u00e9es personnelles dans un format structur\u00e9 et clair \u00e0 un autre responsable.<\/li>\n<li><strong>Droit de d\u00e9poser une plainte :<\/strong> Le droit de d\u00e9poser une plainte aupr\u00e8s de l&rsquo;autorit\u00e9 de contr\u00f4le comp\u00e9tente si vous estimez que le traitement ne respecte pas la r\u00e9glementation en vigueur.<\/li>\n<\/ul>\n<p><strong>COMMENT EXERCER VOS DROITS ?<\/strong><\/p>\n<p>Le demandeur peut exercer ses droits par les moyens suivants :<\/p>\n<ul>\n<li>Email \u00e0 info@inretailshop.com.<\/li>\n<li>Courrier postal \u00e0 P.I. V\u00cdA EUROPA. C\/ POBLA TORNESA, NAVE 5, APTO CORREOS 137, 12550, ALMAZORA\/ALMASSORA, CASTELL\u00d3N.<\/li>\n<\/ul>\n<p>Dans les deux cas, si n\u00e9cessaire, des documents prouvant l&rsquo;identit\u00e9 du demandeur peuvent \u00eatre requis. En tout cas, vous pouvez demander la protection de l&rsquo;Agence Espagnole de Protection des Donn\u00e9es via son site web. \u00c0 cet \u00e9gard, votre demande sera trait\u00e9e dans les plus brefs d\u00e9lais et en tenant compte des d\u00e9lais pr\u00e9vus par la r\u00e9glementation en mati\u00e8re de protection des donn\u00e9es.<\/p>\n<p><strong>QUELLES POURRAIENT \u00caTRE LES CONS\u00c9QUENCES DE NE PAS FOURNIR LES INFORMATIONS ?<\/strong><\/p>\n<p>Les donn\u00e9es demand\u00e9es dans les champs marqu\u00e9s d&rsquo;un ast\u00e9risque, ou identifi\u00e9s comme obligatoires, ou fournies par les moyens o\u00f9 les informations sont fournies, sont strictement n\u00e9cessaires en relation avec la finalit\u00e9 pour laquelle elles sont recueillies, soit pour la prestation d&rsquo;un service optimal \u00e0 la personne concern\u00e9e, soit en raison d&rsquo;une obligation l\u00e9gale impos\u00e9e au responsable du traitement, soit en raison d&rsquo;une exigence n\u00e9cessaire \u00e0 la conclusion d&rsquo;un contrat, l&rsquo;inclusion des donn\u00e9es dans les autres champs \u00e9tant volontaire.<\/p>\n<p>Si toutes les donn\u00e9es ne sont pas fournies, il n&rsquo;est pas garanti que les informations et services fournis soient enti\u00e8rement adapt\u00e9s \u00e0 vos besoins. Par cons\u00e9quent, si les donn\u00e9es requises ne sont pas fournies ou sont incorrectes ou incompl\u00e8tes, votre demande ne pourra pas \u00eatre trait\u00e9e, rendant impossible la fourniture des informations demand\u00e9es ou la conclusion des services. De m\u00eame, l&rsquo;utilisateur garantit que les informations transmises dans les formulaires sont v\u00e9ridiques, exactes et correspondent \u00e0 ses propres donn\u00e9es dont il est titulaire.<\/p>\n<p><strong>QUELLES MESURES DE S\u00c9CURIT\u00c9 AVONS-NOUS MISES EN PLACE ?<\/strong><\/p>\n<p>Les mesures de s\u00e9curit\u00e9 adopt\u00e9es par INTERNET RETAIL COMPANY, S.L sont celles requises conform\u00e9ment \u00e0 l&rsquo;article 32 du RGPD. \u00c0 cet \u00e9gard, tenant compte de l&rsquo;\u00e9tat de la technique, des co\u00fbts de mise en \u0153uvre et de la nature, de l&rsquo;\u00e9tendue, du contexte et des finalit\u00e9s du traitement, ainsi que des risques de probabilit\u00e9 et de gravit\u00e9 variables pour les droits et libert\u00e9s des personnes physiques, des mesures techniques et organisationnelles appropri\u00e9es ont \u00e9t\u00e9 \u00e9tablies pour garantir un niveau de s\u00e9curit\u00e9 appropri\u00e9 au risque existant. En tout cas, INTERNET RETAIL COMPANY, S.L a mis en place des m\u00e9canismes suffisants pour :<\/p>\n<ul>\n<li>Garantir la confidentialit\u00e9, l&rsquo;int\u00e9grit\u00e9, la disponibilit\u00e9 et la r\u00e9silience permanentes des syst\u00e8mes et services de traitement.<\/li>\n<li>Restaurer rapidement la disponibilit\u00e9 et l&rsquo;acc\u00e8s aux donn\u00e9es personnelles en cas d&rsquo;incident physique ou technique.<\/li>\n<li>V\u00e9rifier, \u00e9valuer et appr\u00e9cier r\u00e9guli\u00e8rement l&rsquo;efficacit\u00e9 des mesures techniques et organisationnelles mises en place pour garantir la s\u00e9curit\u00e9 du traitement.<\/li>\n<li>Permettre le chiffrement des donn\u00e9es et des communications.<\/li>\n<\/ul>\n<p><strong>CHANGEMENTS \u00c0 CETTE POLITIQUE DE CONFIDENTIALIT\u00c9<\/strong><\/p>\n<p>Cette Politique de Confidentialit\u00e9 peut \u00eatre r\u00e9vis\u00e9e occasionnellement pour mettre \u00e0 jour les changements de la l\u00e9gislation en vigueur, actualiser les proc\u00e9dures de collecte et d&rsquo;utilisation des informations \u00e0 caract\u00e8re personnel, l&rsquo;apparition de nouveaux services ou l&rsquo;exclusion d&rsquo;autres. Ces changements seront en vigueur \u00e0 partir de leur publication sur le site web, il est donc important de consulter r\u00e9guli\u00e8rement cette Politique de Confidentialit\u00e9 pour rester inform\u00e9 des changements survenus.<\/p>\n<p>&nbsp;<\/p>\n","protected":false},"excerpt":{"rendered":"<p>POLITIQUE DE CONFIDENTIALIT\u00c9 DE https:\/\/www.solomostradores.com\/ La pr\u00e9sente Politique de Confidentialit\u00e9 a \u00e9t\u00e9 d\u00e9velopp\u00e9e en tenant compte des dispositions du R\u00e8glement 2016\/679 du Parlement Europ\u00e9en et du Conseil du 27 avril 2016 relatif \u00e0 la protection des personnes physiques \u00e0 l&rsquo;\u00e9gard du traitement des donn\u00e9es \u00e0&#8230;<\/p>\n","protected":false},"author":3,"featured_media":0,"parent":0,"menu_order":0,"comment_status":"closed","ping_status":"closed","template":"","meta":{"footnotes":""},"aioseo_notices":[],"_links":{"self":[{"href":"https:\/\/www.solomostradores.com\/fr\/wp-json\/wp\/v2\/pages\/16944"}],"collection":[{"href":"https:\/\/www.solomostradores.com\/fr\/wp-json\/wp\/v2\/pages"}],"about":[{"href":"https:\/\/www.solomostradores.com\/fr\/wp-json\/wp\/v2\/types\/page"}],"author":[{"embeddable":true,"href":"https:\/\/www.solomostradores.com\/fr\/wp-json\/wp\/v2\/users\/3"}],"replies":[{"embeddable":true,"href":"https:\/\/www.solomostradores.com\/fr\/wp-json\/wp\/v2\/comments?post=16944"}],"version-history":[{"count":1,"href":"https:\/\/www.solomostradores.com\/fr\/wp-json\/wp\/v2\/pages\/16944\/revisions"}],"predecessor-version":[{"id":16945,"href":"https:\/\/www.solomostradores.com\/fr\/wp-json\/wp\/v2\/pages\/16944\/revisions\/16945"}],"wp:attachment":[{"href":"https:\/\/www.solomostradores.com\/fr\/wp-json\/wp\/v2\/media?parent=16944"}],"curies":[{"name":"wp","href":"https:\/\/api.w.org\/{rel}","templated":true}]}}